{"id":1858,"date":"2020-07-29T15:48:05","date_gmt":"2020-07-29T13:48:05","guid":{"rendered":"https:\/\/www.sitour.fr\/le-vrac\/"},"modified":"2022-03-29T17:44:49","modified_gmt":"2022-03-29T15:44:49","slug":"bulk-solutions","status":"publish","type":"page","link":"https:\/\/www.sitour.fr\/en\/bulk-solutions\/","title":{"rendered":"Bulk solutions"},"content":{"rendered":"<p>[vc_row unlock_row_content=&#8221;yes&#8221; row_height_percent=&#8221;50&#8243; override_padding=&#8221;yes&#8221; h_padding=&#8221;3&#8243; top_padding=&#8221;2&#8243; bottom_padding=&#8221;2&#8243; back_color=&#8221;color-nhtu&#8221; back_image=&#8221;4479&#8243; overlay_color=&#8221;color-jevc&#8221; overlay_alpha=&#8221;40&#8243; equal_height=&#8221;yes&#8221; gutter_size=&#8221;0&#8243; column_width_percent=&#8221;100&#8243; shift_y=&#8221;0&#8243; z_index=&#8221;0&#8243;][vc_column column_width_percent=&#8221;100&#8243; position_vertical=&#8221;middle&#8221; gutter_size=&#8221;2&#8243; style=&#8221;dark&#8221; overlay_alpha=&#8221;50&#8243; shift_x=&#8221;0&#8243; shift_y=&#8221;0&#8243; shift_y_down=&#8221;0&#8243; z_index=&#8221;0&#8243; medium_width=&#8221;0&#8243; mobile_width=&#8221;0&#8243; width=&#8221;1\/1&#8243;][vc_custom_heading heading_semantic=&#8221;h1&#8243; text_size=&#8221;h1&#8243; text_weight=&#8221;700&#8243; css_animation=&#8221;curtain-words&#8221;]Bulk solutions[\/vc_custom_heading][vc_column_text css_animation=&#8221;bottom-t-top&#8221; animation_delay=&#8221;200&#8243; el_class=&#8221;h1-subtext&#8221;]Offrez \u00e0 vos clients l\u2019opportunit\u00e9<br \/>\nde consommer diff\u00e9remment[\/vc_column_text][\/vc_column][\/vc_row][vc_row row_height_percent=&#8221;0&#8243; override_padding=&#8221;yes&#8221; h_padding=&#8221;2&#8243; top_padding=&#8221;2&#8243; bottom_padding=&#8221;2&#8243; overlay_alpha=&#8221;50&#8243; gutter_size=&#8221;100&#8243; column_width_percent=&#8221;100&#8243; shift_y=&#8221;0&#8243; z_index=&#8221;0&#8243; style=&#8221;inherited&#8221; row_name=&#8221;About Us&#8221;][vc_column column_width_percent=&#8221;100&#8243; position_vertical=&#8221;middle&#8221; align_horizontal=&#8221;align_center&#8221; gutter_size=&#8221;3&#8243; overlay_alpha=&#8221;100&#8243; shift_x=&#8221;0&#8243; shift_y=&#8221;0&#8243; shift_y_down=&#8221;0&#8243; z_index=&#8221;0&#8243; medium_width=&#8221;0&#8243; mobile_width=&#8221;0&#8243; zoom_width=&#8221;0&#8243; zoom_height=&#8221;0&#8243; width=&#8221;1\/1&#8243;][vc_row_inner limit_content=&#8221;&#8221;][vc_column_inner column_width_use_pixel=&#8221;yes&#8221; align_horizontal=&#8221;align_center&#8221; gutter_size=&#8221;3&#8243; overlay_alpha=&#8221;50&#8243; shift_x=&#8221;0&#8243; shift_y=&#8221;0&#8243; shift_y_down=&#8221;0&#8243; z_index=&#8221;0&#8243; medium_width=&#8221;0&#8243; mobile_width=&#8221;0&#8243; width=&#8221;1\/1&#8243; column_width_pixel=&#8221;600&#8243;][vc_custom_heading text_weight=&#8221;700&#8243; text_color=&#8221;color-174895&#8243;]Our promises[\/vc_custom_heading][\/vc_column_inner][\/vc_row_inner][vc_row_inner row_inner_height_percent=&#8221;0&#8243; overlay_alpha=&#8221;100&#8243; equal_height=&#8221;yes&#8221; gutter_size=&#8221;4&#8243; shift_y=&#8221;0&#8243; z_index=&#8221;0&#8243; limit_content=&#8221;&#8221; el_class=&#8221;icon-box-3col&#8221;][vc_column_inner column_width_percent=&#8221;100&#8243; align_horizontal=&#8221;align_center&#8221; gutter_size=&#8221;3&#8243; overlay_alpha=&#8221;100&#8243; shift_x=&#8221;0&#8243; shift_y=&#8221;0&#8243; shift_y_down=&#8221;0&#8243; z_index=&#8221;0&#8243; medium_width=&#8221;4&#8243; mobile_width=&#8221;0&#8243; css_animation=&#8221;bottom-t-top&#8221; zoom_width=&#8221;0&#8243; zoom_height=&#8221;0&#8243; width=&#8221;1\/3&#8243;][vc_icon icon_image=&#8221;511&#8243; css_animation=&#8221;bottom-t-top&#8221; el_class=&#8221;promesses-icon-box&#8221;]Garantir des produits<br \/>\n\u00e9cologiques, \u00e9conomes<br \/>\net \u00e9co-responsables[\/vc_icon][\/vc_column_inner][vc_column_inner column_width_percent=&#8221;100&#8243; align_horizontal=&#8221;align_center&#8221; gutter_size=&#8221;3&#8243; overlay_alpha=&#8221;100&#8243; shift_x=&#8221;0&#8243; shift_y=&#8221;0&#8243; shift_y_down=&#8221;0&#8243; z_index=&#8221;0&#8243; medium_width=&#8221;4&#8243; mobile_width=&#8221;0&#8243; css_animation=&#8221;bottom-t-top&#8221; animation_delay=&#8221;100&#8243; zoom_width=&#8221;0&#8243; zoom_height=&#8221;0&#8243; width=&#8221;1\/3&#8243;][vc_icon icon_image=&#8221;510&#8243; css_animation=&#8221;bottom-t-top&#8221; animation_delay=&#8221;100&#8243; el_class=&#8221;promesses-icon-box&#8221;]Proposer des produits faciles d&#8217;entretien,<br \/>\nconformes \u00e0 la l\u00e9gislation europ\u00e9enne<br \/>\net respectant les r\u00e8gles d&#8217;hygi\u00e8ne[\/vc_icon][\/vc_column_inner][vc_column_inner column_width_percent=&#8221;100&#8243; align_horizontal=&#8221;align_center&#8221; gutter_size=&#8221;3&#8243; overlay_alpha=&#8221;100&#8243; shift_x=&#8221;0&#8243; shift_y=&#8221;0&#8243; shift_y_down=&#8221;0&#8243; z_index=&#8221;0&#8243; medium_width=&#8221;4&#8243; mobile_width=&#8221;0&#8243; css_animation=&#8221;bottom-t-top&#8221; animation_delay=&#8221;200&#8243; zoom_width=&#8221;0&#8243; zoom_height=&#8221;0&#8243; width=&#8221;1\/3&#8243;][vc_icon icon_image=&#8221;509&#8243; css_animation=&#8221;bottom-t-top&#8221; animation_delay=&#8221;200&#8243; el_class=&#8221;promesses-icon-box&#8221;]Augmenter l&#8217;int\u00e9raction<br \/>\navec le produit gr\u00e2ce<br \/>\n\u00e0 une meilleure visibilit\u00e9<br \/>\npour stimuler l&#8217;achat d&#8217;impulsion[\/vc_icon][\/vc_column_inner][\/vc_row_inner][\/vc_column][\/vc_row][vc_row unlock_row_content=&#8221;yes&#8221; row_height_percent=&#8221;60&#8243; override_padding=&#8221;yes&#8221; h_padding=&#8221;0&#8243; top_padding=&#8221;0&#8243; bottom_padding=&#8221;0&#8243; overlay_alpha=&#8221;50&#8243; equal_height=&#8221;yes&#8221; gutter_size=&#8221;0&#8243; column_width_percent=&#8221;100&#8243; shift_y=&#8221;0&#8243; z_index=&#8221;0&#8243; el_class=&#8221;responsive-container&#8221;][vc_column column_width_percent=&#8221;100&#8243; position_vertical=&#8221;middle&#8221; gutter_size=&#8221;2&#8243; override_padding=&#8221;yes&#8221; column_padding=&#8221;5&#8243; style=&#8221;dark&#8221; back_color=&#8221;color-174895&#8243; overlay_alpha=&#8221;50&#8243; shift_x=&#8221;0&#8243; shift_y=&#8221;0&#8243; shift_y_down=&#8221;0&#8243; z_index=&#8221;0&#8243; medium_width=&#8221;0&#8243; mobile_width=&#8221;0&#8243; width=&#8221;1\/2&#8243;][vc_single_image media=&#8221;3883&#8243; media_width_percent=&#8221;25&#8243;][vc_custom_heading text_weight=&#8221;700&#8243; css_animation=&#8221;curtain-words&#8221;]<strong>D\u00e9couvrez sans plus attendre notre nouvelle gamme Bulk it !<\/strong>[\/vc_custom_heading][vc_column_text css_animation=&#8221;bottom-t-top&#8221;]Gravity bins and scoop bins designed and manufactured in France for responsible and sustainable consumption.[\/vc_column_text][vc_button button_color=&#8221;color-xsdn&#8221; size=&#8221;btn-lg&#8221; radius=&#8221;btn-circle&#8221; outline=&#8221;yes&#8221; custom_typo=&#8221;yes&#8221; font_family=&#8221;font-555555&#8243; font_weight=&#8221;500&#8243; text_transform=&#8221;uppercase&#8221; border_width=&#8221;1&#8243; css_animation=&#8221;bottom-t-top&#8221; animation_delay=&#8221;100&#8243; link=&#8221;url:https%3A%2F%2Fwww.sitour.fr%2Fbulk-it%2F|title:Retail||&#8221;]Learn more[\/vc_button][\/vc_column][vc_column column_width_percent=&#8221;100&#8243; position_vertical=&#8221;bottom&#8221; gutter_size=&#8221;2&#8243; back_image=&#8221;3805&#8243; overlay_alpha=&#8221;50&#8243; shift_x=&#8221;0&#8243; shift_y=&#8221;0&#8243; shift_y_down=&#8221;0&#8243; z_index=&#8221;0&#8243; medium_width=&#8221;0&#8243; mobile_width=&#8221;0&#8243; width=&#8221;1\/2&#8243; el_class=&#8221;col-6-image&#8221;][vc_raw_html][\/vc_raw_html][\/vc_column][\/vc_row][vc_row unlock_row_content=&#8221;yes&#8221; row_height_percent=&#8221;60&#8243; override_padding=&#8221;yes&#8221; h_padding=&#8221;0&#8243; top_padding=&#8221;0&#8243; bottom_padding=&#8221;0&#8243; overlay_alpha=&#8221;50&#8243; equal_height=&#8221;yes&#8221; gutter_size=&#8221;0&#8243; column_width_percent=&#8221;100&#8243; shift_y=&#8221;0&#8243; z_index=&#8221;0&#8243; el_class=&#8221;responsive-container&#8221;][vc_column column_width_percent=&#8221;100&#8243; position_vertical=&#8221;bottom&#8221; gutter_size=&#8221;2&#8243; back_image=&#8221;3886&#8243; back_position=&#8221;center bottom&#8221; overlay_alpha=&#8221;50&#8243; shift_x=&#8221;0&#8243; shift_y=&#8221;0&#8243; shift_y_down=&#8221;0&#8243; z_index=&#8221;0&#8243; medium_width=&#8221;0&#8243; mobile_visibility=&#8221;yes&#8221; mobile_width=&#8221;0&#8243; width=&#8221;1\/2&#8243; el_class=&#8221;col-6-image&#8221;][vc_raw_html][\/vc_raw_html][\/vc_column][vc_column column_width_percent=&#8221;100&#8243; position_vertical=&#8221;middle&#8221; gutter_size=&#8221;2&#8243; override_padding=&#8221;yes&#8221; column_padding=&#8221;4&#8243; style=&#8221;light&#8221; overlay_alpha=&#8221;50&#8243; shift_x=&#8221;0&#8243; shift_y=&#8221;0&#8243; shift_y_down=&#8221;0&#8243; z_index=&#8221;0&#8243; medium_width=&#8221;0&#8243; mobile_width=&#8221;0&#8243; width=&#8221;1\/2&#8243;][vc_custom_heading text_weight=&#8221;700&#8243; text_color=&#8221;color-174895&#8243; css_animation=&#8221;curtain-words&#8221;]<strong>Gravity bins<\/strong>[\/vc_custom_heading][vc_column_text css_animation=&#8221;bottom-t-top&#8221;]Offrez la possibilit\u00e9 d\u2019acheter \u00ab la juste quantit\u00e9 \u00bb<br \/>\nau meilleur prix gr\u00e2ce \u00e0 la distribution des produits en gravit\u00e9 directement en sachet.<br \/>\nD\u00e9couvrez notre nouvelle tr\u00e9mie Bulk it ! con\u00e7ue et fabriqu\u00e9e en France pour d\u00e9velopper l&#8217;achat d&#8217;impulsion.[\/vc_column_text][vc_column_text css_animation=&#8221;bottom-t-top&#8221; el_class=&#8221;cta-plaquette__text mauve-sitour&#8221;]Learn more, read our brochure[\/vc_column_text][vc_button button_color=&#8221;color-174895&#8243; size=&#8221;btn-lg&#8221; radius=&#8221;btn-circle&#8221; outline=&#8221;yes&#8221; border_width=&#8221;0&#8243; css_animation=&#8221;bottom-t-top&#8221; el_class=&#8221;download-file download-tremies&#8221;]Download[\/vc_button][\/vc_column][\/vc_row][vc_row unlock_row_content=&#8221;yes&#8221; row_height_percent=&#8221;60&#8243; override_padding=&#8221;yes&#8221; h_padding=&#8221;0&#8243; top_padding=&#8221;0&#8243; bottom_padding=&#8221;0&#8243; overlay_alpha=&#8221;50&#8243; equal_height=&#8221;yes&#8221; gutter_size=&#8221;0&#8243; column_width_percent=&#8221;100&#8243; shift_y=&#8221;0&#8243; z_index=&#8221;0&#8243; el_class=&#8221;responsive-container&#8221;][vc_column column_width_percent=&#8221;100&#8243; position_vertical=&#8221;middle&#8221; gutter_size=&#8221;2&#8243; override_padding=&#8221;yes&#8221; column_padding=&#8221;5&#8243; style=&#8221;dark&#8221; back_color=&#8221;color-174895&#8243; overlay_alpha=&#8221;50&#8243; shift_x=&#8221;0&#8243; shift_y=&#8221;0&#8243; shift_y_down=&#8221;0&#8243; z_index=&#8221;0&#8243; medium_width=&#8221;0&#8243; mobile_width=&#8221;0&#8243; width=&#8221;1\/2&#8243;][vc_custom_heading text_weight=&#8221;700&#8243; css_animation=&#8221;curtain-words&#8221;]<strong>Scoop bins<\/strong>[\/vc_custom_heading][vc_column_text css_animation=&#8221;bottom-t-top&#8221;]\u00c9largissez votre offre ou votre cat\u00e9gorie avec nos bacs \u00e0 pelle, les contenants id\u00e9als pour les aliments volumineux ou fragiles.<\/p>\n<p>D\u00e9couvrez notre nouveau bac \u00e0 pelle Bulk it ! \u2028con\u00e7u et fabriqu\u00e9 en France pour booster vos ventes.[\/vc_column_text][vc_column_text css_animation=&#8221;bottom-t-top&#8221; el_class=&#8221;cta-plaquette__text&#8221;]Learn more, read our brochure[\/vc_column_text][vc_button size=&#8221;btn-lg&#8221; radius=&#8221;btn-circle&#8221; outline=&#8221;yes&#8221; border_width=&#8221;0&#8243; css_animation=&#8221;bottom-t-top&#8221; el_class=&#8221;download-file download-bacapelle&#8221;]Download[\/vc_button][\/vc_column][vc_column column_width_percent=&#8221;100&#8243; position_vertical=&#8221;bottom&#8221; gutter_size=&#8221;2&#8243; back_image=&#8221;3799&#8243; overlay_alpha=&#8221;50&#8243; shift_x=&#8221;0&#8243; shift_y=&#8221;0&#8243; shift_y_down=&#8221;0&#8243; z_index=&#8221;0&#8243; medium_width=&#8221;0&#8243; mobile_width=&#8221;0&#8243; width=&#8221;1\/2&#8243; el_class=&#8221;col-6-image&#8221;][vc_raw_html][\/vc_raw_html][\/vc_column][\/vc_row][vc_row unlock_row_content=&#8221;yes&#8221; row_height_percent=&#8221;60&#8243; override_padding=&#8221;yes&#8221; h_padding=&#8221;0&#8243; top_padding=&#8221;0&#8243; bottom_padding=&#8221;0&#8243; overlay_alpha=&#8221;50&#8243; equal_height=&#8221;yes&#8221; gutter_size=&#8221;0&#8243; column_width_percent=&#8221;100&#8243; shift_y=&#8221;0&#8243; z_index=&#8221;0&#8243; el_class=&#8221;responsive-container&#8221;][vc_column column_width_percent=&#8221;100&#8243; position_vertical=&#8221;middle&#8221; gutter_size=&#8221;2&#8243; override_padding=&#8221;yes&#8221; column_padding=&#8221;5&#8243; style=&#8221;dark&#8221; back_color=&#8221;color-174895&#8243; overlay_alpha=&#8221;50&#8243; shift_x=&#8221;0&#8243; shift_y=&#8221;0&#8243; shift_y_down=&#8221;0&#8243; z_index=&#8221;0&#8243; medium_width=&#8221;0&#8243; mobile_width=&#8221;0&#8243; width=&#8221;1\/2&#8243;][vc_custom_heading text_weight=&#8221;700&#8243; css_animation=&#8221;curtain-words&#8221;]Les mobiliers<br \/>\nsp\u00e9cifiques[\/vc_custom_heading][vc_column_text css_animation=&#8221;bottom-t-top&#8221;]Our teams take full charge of your multi-material projects, from design to installation[\/vc_column_text][vc_column_text css_animation=&#8221;bottom-t-top&#8221; el_class=&#8221;cta-plaquette__text mauve-sitour&#8221;]<span style=\"color: #ffffff;\">Learn more, read our brochure<\/span>[\/vc_column_text][vc_button size=&#8221;btn-lg&#8221; radius=&#8221;btn-circle&#8221; outline=&#8221;yes&#8221; border_width=&#8221;0&#8243; css_animation=&#8221;bottom-t-top&#8221; el_class=&#8221;download-file download-bulkit&#8221;]Download[\/vc_button][\/vc_column][vc_column column_width_percent=&#8221;100&#8243; position_vertical=&#8221;bottom&#8221; gutter_size=&#8221;2&#8243; back_image=&#8221;4479&#8243; overlay_alpha=&#8221;50&#8243; shift_x=&#8221;0&#8243; shift_y=&#8221;0&#8243; shift_y_down=&#8221;0&#8243; z_index=&#8221;0&#8243; medium_width=&#8221;0&#8243; mobile_visibility=&#8221;yes&#8221; mobile_width=&#8221;0&#8243; width=&#8221;1\/2&#8243; el_class=&#8221;col-6-image&#8221;][vc_raw_html][\/vc_raw_html][\/vc_column][\/vc_row][vc_row unlock_row_content=&#8221;yes&#8221; row_height_percent=&#8221;60&#8243; override_padding=&#8221;yes&#8221; h_padding=&#8221;0&#8243; top_padding=&#8221;0&#8243; bottom_padding=&#8221;0&#8243; overlay_alpha=&#8221;50&#8243; equal_height=&#8221;yes&#8221; gutter_size=&#8221;0&#8243; column_width_percent=&#8221;100&#8243; shift_y=&#8221;0&#8243; z_index=&#8221;0&#8243; el_class=&#8221;responsive-container&#8221;][vc_column column_width_percent=&#8221;100&#8243; position_vertical=&#8221;bottom&#8221; gutter_size=&#8221;2&#8243; back_image=&#8221;4500&#8243; overlay_alpha=&#8221;50&#8243; shift_x=&#8221;0&#8243; shift_y=&#8221;0&#8243; shift_y_down=&#8221;0&#8243; z_index=&#8221;0&#8243; medium_width=&#8221;0&#8243; mobile_width=&#8221;0&#8243; width=&#8221;1\/2&#8243; el_class=&#8221;col-6-image&#8221;][vc_raw_html]JTNDcCUyMGNsYXNzJTNEJTIyaW1hZ2UtbGVnZW5kJTIwdnJhYyUyMiUzRUJhY3MlMjAlQzMlQTAlMjBwZWxsZSUzQyUyRnAlM0U=[\/vc_raw_html][\/vc_column][vc_column column_width_percent=&#8221;100&#8243; position_vertical=&#8221;bottom&#8221; gutter_size=&#8221;2&#8243; style=&#8221;light&#8221; back_image=&#8221;4494&#8243; overlay_alpha=&#8221;50&#8243; shift_x=&#8221;0&#8243; shift_y=&#8221;0&#8243; shift_y_down=&#8221;0&#8243; z_index=&#8221;0&#8243; medium_width=&#8221;0&#8243; mobile_visibility=&#8221;yes&#8221; mobile_width=&#8221;0&#8243; width=&#8221;1\/2&#8243; el_class=&#8221;col-6-image&#8221;][vc_raw_html]JTNDcCUyMGNsYXNzJTNEJTIyaW1hZ2UtbGVnZW5kJTIwdnJhYyUyMiUzRVRyJUMzJUE5bWllcyUzQyUyRnAlM0U=[\/vc_raw_html][\/vc_column][\/vc_row][vc_row unlock_row_content=&#8221;yes&#8221; row_height_percent=&#8221;60&#8243; override_padding=&#8221;yes&#8221; h_padding=&#8221;0&#8243; top_padding=&#8221;0&#8243; bottom_padding=&#8221;0&#8243; overlay_alpha=&#8221;50&#8243; equal_height=&#8221;yes&#8221; gutter_size=&#8221;0&#8243; column_width_percent=&#8221;100&#8243; shift_y=&#8221;0&#8243; z_index=&#8221;0&#8243; el_class=&#8221;responsive-container&#8221;][vc_column column_width_percent=&#8221;100&#8243; position_vertical=&#8221;middle&#8221; gutter_size=&#8221;2&#8243; override_padding=&#8221;yes&#8221; column_padding=&#8221;5&#8243; style=&#8221;dark&#8221; back_color=&#8221;color-174895&#8243; overlay_alpha=&#8221;50&#8243; shift_x=&#8221;0&#8243; shift_y=&#8221;0&#8243; shift_y_down=&#8221;0&#8243; z_index=&#8221;0&#8243; medium_width=&#8221;0&#8243; mobile_width=&#8221;0&#8243; width=&#8221;1\/2&#8243;][vc_custom_heading text_weight=&#8221;700&#8243; css_animation=&#8221;curtain-words&#8221;]Non-food bulk containers[\/vc_custom_heading][vc_column_text css_animation=&#8221;bottom-t-top&#8221;]<\/p>\n<ul>\n<li>Cross-merchandising<\/li>\n<li>Bacs soldeurs<\/li>\n<li>Bacs pharmacies<\/li>\n<li>Bacs individuels<\/li>\n<\/ul>\n<p>[\/vc_column_text][\/vc_column][vc_column column_width_percent=&#8221;100&#8243; position_vertical=&#8221;bottom&#8221; gutter_size=&#8221;2&#8243; back_image=&#8221;2797&#8243; back_position=&#8221;center bottom&#8221; overlay_alpha=&#8221;50&#8243; shift_x=&#8221;0&#8243; shift_y=&#8221;0&#8243; shift_y_down=&#8221;0&#8243; z_index=&#8221;0&#8243; medium_width=&#8221;0&#8243; mobile_width=&#8221;0&#8243; width=&#8221;1\/2&#8243; el_class=&#8221;col-6-image&#8221;][\/vc_column][\/vc_row]<\/p>\n","protected":false},"excerpt":{"rendered":"<p>[vc_row unlock_row_content=&#8221;yes&#8221; row_height_percent=&#8221;50&#8243; override_padding=&#8221;yes&#8221; h_padding=&#8221;3&#8243; top_padding=&#8221;2&#8243; bottom_padding=&#8221;2&#8243; back_color=&#8221;color-nhtu&#8221; back_image=&#8221;4479&#8243; overlay_color=&#8221;color-jevc&#8221; overlay_alpha=&#8221;40&#8243; equal_height=&#8221;yes&#8221; gutter_size=&#8221;0&#8243; column_width_percent=&#8221;100&#8243; shift_y=&#8221;0&#8243; z_index=&#8221;0&#8243;][vc_column column_width_percent=&#8221;100&#8243; position_vertical=&#8221;middle&#8221; gutter_size=&#8221;2&#8243; style=&#8221;dark&#8221; [&hellip;]<\/p>\n","protected":false},"author":6,"featured_media":0,"parent":0,"menu_order":0,"comment_status":"closed","ping_status":"closed","template":"","meta":[],"_links":{"self":[{"href":"https:\/\/www.sitour.fr\/en\/wp-json\/wp\/v2\/pages\/1858"}],"collection":[{"href":"https:\/\/www.sitour.fr\/en\/wp-json\/wp\/v2\/pages"}],"about":[{"href":"https:\/\/www.sitour.fr\/en\/wp-json\/wp\/v2\/types\/page"}],"author":[{"embeddable":true,"href":"https:\/\/www.sitour.fr\/en\/wp-json\/wp\/v2\/users\/6"}],"replies":[{"embeddable":true,"href":"https:\/\/www.sitour.fr\/en\/wp-json\/wp\/v2\/comments?post=1858"}],"version-history":[{"count":20,"href":"https:\/\/www.sitour.fr\/en\/wp-json\/wp\/v2\/pages\/1858\/revisions"}],"predecessor-version":[{"id":4566,"href":"https:\/\/www.sitour.fr\/en\/wp-json\/wp\/v2\/pages\/1858\/revisions\/4566"}],"wp:attachment":[{"href":"https:\/\/www.sitour.fr\/en\/wp-json\/wp\/v2\/media?parent=1858"}],"curies":[{"name":"wp","href":"https:\/\/api.w.org\/{rel}","templated":true}]}}