{"id":3734,"date":"2021-03-01T11:58:39","date_gmt":"2021-03-01T10:58:39","guid":{"rendered":"https:\/\/www.sitour.fr\/?page_id=3734"},"modified":"2022-03-29T17:40:27","modified_gmt":"2022-03-29T15:40:27","slug":"bulk-it-scoop-bins","status":"publish","type":"page","link":"https:\/\/www.sitour.fr\/en\/bulk-it-scoop-bins\/","title":{"rendered":"Bulk it ! scoop bins"},"content":{"rendered":"<p>[vc_row unlock_row_content=&#8221;yes&#8221; row_height_percent=&#8221;50&#8243; override_padding=&#8221;yes&#8221; h_padding=&#8221;3&#8243; top_padding=&#8221;2&#8243; bottom_padding=&#8221;2&#8243; back_color=&#8221;color-nhtu&#8221; back_image=&#8221;4476&#8243; overlay_color=&#8221;color-jevc&#8221; overlay_alpha=&#8221;40&#8243; equal_height=&#8221;yes&#8221; gutter_size=&#8221;0&#8243; column_width_percent=&#8221;100&#8243; shift_y=&#8221;0&#8243; z_index=&#8221;0&#8243;][vc_column column_width_percent=&#8221;100&#8243; position_vertical=&#8221;middle&#8221; gutter_size=&#8221;2&#8243; style=&#8221;dark&#8221; overlay_alpha=&#8221;50&#8243; shift_x=&#8221;0&#8243; shift_y=&#8221;0&#8243; shift_y_down=&#8221;0&#8243; z_index=&#8221;0&#8243; medium_width=&#8221;0&#8243; mobile_width=&#8221;0&#8243; width=&#8221;1\/1&#8243;][vc_custom_heading heading_semantic=&#8221;h1&#8243; text_size=&#8221;h1&#8243; text_weight=&#8221;700&#8243; css_animation=&#8221;curtain-words&#8221;]Les bacs \u00e0<br \/>\npelle Bulk it ![\/vc_custom_heading][vc_column_text css_animation=&#8221;bottom-t-top&#8221; animation_delay=&#8221;200&#8243; el_class=&#8221;h1-subtext&#8221;]Opt for a reliable, modular, ergonomic solution designed and manufactured in France.[\/vc_column_text][\/vc_column][\/vc_row][vc_row row_height_percent=&#8221;0&#8243; override_padding=&#8221;yes&#8221; h_padding=&#8221;2&#8243; top_padding=&#8221;2&#8243; bottom_padding=&#8221;2&#8243; overlay_alpha=&#8221;50&#8243; gutter_size=&#8221;100&#8243; column_width_percent=&#8221;100&#8243; shift_y=&#8221;0&#8243; z_index=&#8221;0&#8243; style=&#8221;inherited&#8221; row_name=&#8221;About Us&#8221;][vc_column column_width_percent=&#8221;100&#8243; position_vertical=&#8221;middle&#8221; align_horizontal=&#8221;align_center&#8221; gutter_size=&#8221;3&#8243; overlay_alpha=&#8221;100&#8243; shift_x=&#8221;0&#8243; shift_y=&#8221;0&#8243; shift_y_down=&#8221;0&#8243; z_index=&#8221;0&#8243; medium_width=&#8221;0&#8243; mobile_width=&#8221;0&#8243; zoom_width=&#8221;0&#8243; zoom_height=&#8221;0&#8243; width=&#8221;1\/1&#8243;][vc_row_inner limit_content=&#8221;&#8221;][vc_column_inner column_width_use_pixel=&#8221;yes&#8221; align_horizontal=&#8221;align_center&#8221; gutter_size=&#8221;3&#8243; overlay_alpha=&#8221;50&#8243; shift_x=&#8221;0&#8243; shift_y=&#8221;0&#8243; shift_y_down=&#8221;0&#8243; z_index=&#8221;0&#8243; medium_width=&#8221;0&#8243; mobile_width=&#8221;0&#8243; width=&#8221;1\/1&#8243; column_width_pixel=&#8221;600&#8243;][vc_custom_heading text_weight=&#8221;700&#8243; text_color=&#8221;color-01464&#8243;]Why choose Bulk it! scoop bins?[\/vc_custom_heading][\/vc_column_inner][\/vc_row_inner][vc_row_inner row_inner_height_percent=&#8221;0&#8243; overlay_alpha=&#8221;50&#8243; equal_height=&#8221;yes&#8221; gutter_size=&#8221;4&#8243; shift_y=&#8221;0&#8243; z_index=&#8221;0&#8243; limit_content=&#8221;&#8221; el_class=&#8221;responsive-container&#8221;][vc_column_inner column_width_percent=&#8221;100&#8243; align_horizontal=&#8221;align_center&#8221; gutter_size=&#8221;3&#8243; overlay_alpha=&#8221;50&#8243; shift_x=&#8221;0&#8243; shift_y=&#8221;0&#8243; shift_y_down=&#8221;0&#8243; z_index=&#8221;0&#8243; medium_width=&#8221;0&#8243; mobile_width=&#8221;0&#8243; css_animation=&#8221;bottom-t-top&#8221; width=&#8221;1\/4&#8243;][vc_single_image media=&#8221;3781&#8243; media_width_percent=&#8221;25&#8243; alignment=&#8221;center&#8221;][vc_column_text]<\/p>\n<p style=\"text-align: center;\"><strong>Augmentez la visibilit\u00e9<br \/>\ndes produits<\/strong><\/p>\n<p style=\"text-align: center;\">Un design et une<br \/>\nergonomie \u00e9tudi\u00e9s pour<br \/>\nmettre en avant les produits[\/vc_column_text][\/vc_column_inner][vc_column_inner column_width_percent=&#8221;100&#8243; align_horizontal=&#8221;align_center&#8221; gutter_size=&#8221;2&#8243; overlay_alpha=&#8221;50&#8243; shift_x=&#8221;0&#8243; shift_y=&#8221;0&#8243; shift_y_down=&#8221;0&#8243; z_index=&#8221;0&#8243; medium_width=&#8221;0&#8243; mobile_width=&#8221;0&#8243; css_animation=&#8221;bottom-t-top&#8221; animation_delay=&#8221;100&#8243; width=&#8221;1\/4&#8243;][vc_single_image media=&#8221;3775&#8243; media_width_percent=&#8221;25&#8243; alignment=&#8221;center&#8221;][vc_column_text]<\/p>\n<p style=\"text-align: center;\"><strong>Fid\u00e9lisez votre client\u00e8le<\/strong><\/p>\n<p style=\"text-align: center;\">Un syst\u00e8me de fermeture<br \/>\nautomatique progressif<br \/>\npour une hygi\u00e8ne renforc\u00e9e[\/vc_column_text][\/vc_column_inner][vc_column_inner column_width_percent=&#8221;100&#8243; align_horizontal=&#8221;align_center&#8221; gutter_size=&#8221;2&#8243; overlay_alpha=&#8221;50&#8243; shift_x=&#8221;0&#8243; shift_y=&#8221;0&#8243; shift_y_down=&#8221;0&#8243; z_index=&#8221;0&#8243; medium_width=&#8221;0&#8243; mobile_width=&#8221;0&#8243; css_animation=&#8221;bottom-t-top&#8221; animation_delay=&#8221;200&#8243; width=&#8221;1\/4&#8243;][vc_single_image media=&#8221;3742&#8243; media_width_percent=&#8221;25&#8243; alignment=&#8221;center&#8221;][vc_column_text]<\/p>\n<p style=\"text-align: center;\"><strong>\u00c9largissez votre offre<\/strong><\/p>\n<p>Une optimisation de la<br \/>\nlargeur du bac sans perte<br \/>\nde contenance. Cette<br \/>\nconfiguration permet de<br \/>\nmettre 20% de r\u00e9f\u00e9rences en plus[\/vc_column_text][\/vc_column_inner][vc_column_inner column_width_percent=&#8221;100&#8243; align_horizontal=&#8221;align_center&#8221; gutter_size=&#8221;2&#8243; overlay_alpha=&#8221;50&#8243; shift_x=&#8221;0&#8243; shift_y=&#8221;0&#8243; shift_y_down=&#8221;0&#8243; z_index=&#8221;0&#8243; medium_width=&#8221;0&#8243; mobile_width=&#8221;0&#8243; css_animation=&#8221;bottom-t-top&#8221; animation_delay=&#8221;300&#8243; width=&#8221;1\/4&#8243;][vc_single_image media=&#8221;3754&#8243; media_width_percent=&#8221;25&#8243; alignment=&#8221;center&#8221;][vc_column_text]<\/p>\n<p style=\"text-align: center;\"><strong>Achetez fran\u00e7ais<\/strong><\/p>\n<p style=\"text-align: center;\">Un bac \u00e0 pelle 100%<br \/>\nMade in France. Il est con\u00e7u<br \/>\npar notre p\u00f4le Innovations<br \/>\nsitu\u00e9 \u00e0 Cormeilles-en-Parisis<br \/>\n(95) et fabriqu\u00e9e en France<br \/>\ndans la r\u00e9gion de l\u2019Ain[\/vc_column_text][\/vc_column_inner][\/vc_row_inner][vc_custom_heading text_weight=&#8221;700&#8243; text_color=&#8221;color-01464&#8243;]<strong>A complete and flexible offer for many product categories<\/strong>[\/vc_custom_heading][\/vc_column][\/vc_row][vc_row unlock_row_content=&#8221;yes&#8221; row_height_percent=&#8221;60&#8243; override_padding=&#8221;yes&#8221; h_padding=&#8221;0&#8243; top_padding=&#8221;0&#8243; bottom_padding=&#8221;0&#8243; overlay_alpha=&#8221;50&#8243; equal_height=&#8221;yes&#8221; gutter_size=&#8221;0&#8243; column_width_percent=&#8221;100&#8243; shift_y=&#8221;0&#8243; z_index=&#8221;0&#8243; el_class=&#8221;responsive-container&#8221;][vc_column column_width_percent=&#8221;100&#8243; position_vertical=&#8221;bottom&#8221; gutter_size=&#8221;2&#8243; back_image=&#8221;4521&#8243; overlay_alpha=&#8221;50&#8243; shift_x=&#8221;0&#8243; shift_y=&#8221;0&#8243; shift_y_down=&#8221;0&#8243; z_index=&#8221;0&#8243; medium_width=&#8221;0&#8243; mobile_width=&#8221;0&#8243; width=&#8221;1\/2&#8243; el_class=&#8221;col-6-image&#8221;][\/vc_column][vc_column column_width_percent=&#8221;100&#8243; position_vertical=&#8221;middle&#8221; gutter_size=&#8221;2&#8243; override_padding=&#8221;yes&#8221; column_padding=&#8221;5&#8243; style=&#8221;dark&#8221; back_color=&#8221;color-01464&#8243; overlay_alpha=&#8221;50&#8243; shift_x=&#8221;0&#8243; shift_y=&#8221;0&#8243; shift_y_down=&#8221;0&#8243; z_index=&#8221;0&#8243; medium_width=&#8221;0&#8243; mobile_width=&#8221;0&#8243; width=&#8221;1\/2&#8243;][vc_custom_heading text_weight=&#8221;700&#8243; css_animation=&#8221;curtain-words&#8221;]<strong>COMPATIBLE WITH A WIDE RANGE OF DRY PRODUCTS:<\/strong>[\/vc_custom_heading][vc_column_text css_animation=&#8221;bottom-t-top&#8221;]\u2022 CAF\u00c9<br \/>\n\u2022 TH\u00c9 EN VRAC<br \/>\n\u2022 NOIX M\u00c9LANG\u00c9ES<br \/>\n\u2022 SABL\u00c9S<br \/>\n\u2022 FARINES<br \/>\n\u2022 FRUITS SECS ET MOELLEUX<br \/>\n\u2022 BONBONS ET BIEN D&#8217;AUTRES PRODUITS[\/vc_column_text][vc_custom_heading text_weight=&#8221;700&#8243; css_animation=&#8221;curtain-words&#8221;]<strong>2 INSTALLATION POSSIBILITIES<\/strong>[\/vc_custom_heading][vc_column_text css_animation=&#8221;bottom-t-top&#8221;]Accroch\u00e9s sur barre de charge \u00e0 l\u2019aide d\u2019une glissi\u00e8re.<\/p>\n<p>\u2022 Un syst\u00e8me s\u00e9curis\u00e9 et pratique.<br \/>\n\u2022 Le bac glisse vers l\u2019avant pour faciliter le remplissage.<\/p>\n<p>Pos\u00e9s sur tout type d\u2019\u00e9tag\u00e8re.<br \/>\n\u2022 Id\u00e9al pour cr\u00e9er un espace vrac dans un lin\u00e9aire traditionnel.<br \/>\n\u2022 Solution simple et \u00e9conomique.[\/vc_column_text][vc_column_text css_animation=&#8221;bottom-t-top&#8221; el_class=&#8221;cta-plaquette__text&#8221;]Learn more, read our brochure[\/vc_column_text][vc_button size=&#8221;btn-lg&#8221; radius=&#8221;btn-circle&#8221; outline=&#8221;yes&#8221; border_width=&#8221;0&#8243; css_animation=&#8221;bottom-t-top&#8221; el_class=&#8221;download-file download-bacapelle&#8221; link=&#8221;|||&#8221;]Download[\/vc_button][\/vc_column][\/vc_row][vc_row unlock_row_content=&#8221;yes&#8221; row_height_percent=&#8221;60&#8243; override_padding=&#8221;yes&#8221; h_padding=&#8221;0&#8243; top_padding=&#8221;0&#8243; bottom_padding=&#8221;0&#8243; overlay_alpha=&#8221;50&#8243; equal_height=&#8221;yes&#8221; gutter_size=&#8221;0&#8243; column_width_percent=&#8221;100&#8243; shift_y=&#8221;0&#8243; z_index=&#8221;0&#8243; el_class=&#8221;responsive-container&#8221;][vc_column column_width_percent=&#8221;100&#8243; position_vertical=&#8221;bottom&#8221; gutter_size=&#8221;2&#8243; back_image=&#8221;3820&#8243; overlay_alpha=&#8221;50&#8243; shift_x=&#8221;0&#8243; shift_y=&#8221;0&#8243; shift_y_down=&#8221;0&#8243; z_index=&#8221;0&#8243; medium_width=&#8221;0&#8243; mobile_width=&#8221;0&#8243; width=&#8221;1\/2&#8243; el_class=&#8221;col-6-image&#8221;][vc_raw_html]PHAgY2xhc3M9ImltYWdlLWxlZ2VuZCBidWxraXQiPkxvYWQgYmFyIHN5c3RlbTwvcD4=[\/vc_raw_html][\/vc_column][vc_column column_width_percent=&#8221;100&#8243; position_vertical=&#8221;bottom&#8221; gutter_size=&#8221;2&#8243; style=&#8221;light&#8221; back_image=&#8221;4506&#8243; overlay_alpha=&#8221;50&#8243; shift_x=&#8221;0&#8243; shift_y=&#8221;0&#8243; shift_y_down=&#8221;0&#8243; z_index=&#8221;0&#8243; medium_width=&#8221;0&#8243; mobile_visibility=&#8221;yes&#8221; mobile_width=&#8221;0&#8243; width=&#8221;1\/2&#8243; el_class=&#8221;col-6-image&#8221;][vc_raw_html]PHAgY2xhc3M9ImltYWdlLWxlZ2VuZCBidWxraXQiPjggTCBhbmQgMTEgTCAtIDE1IGNtIHdpZGU8L3A+[\/vc_raw_html][\/vc_column][\/vc_row]<\/p>\n","protected":false},"excerpt":{"rendered":"<p>[vc_row unlock_row_content=&#8221;yes&#8221; row_height_percent=&#8221;50&#8243; override_padding=&#8221;yes&#8221; h_padding=&#8221;3&#8243; top_padding=&#8221;2&#8243; bottom_padding=&#8221;2&#8243; back_color=&#8221;color-nhtu&#8221; back_image=&#8221;4476&#8243; overlay_color=&#8221;color-jevc&#8221; overlay_alpha=&#8221;40&#8243; equal_height=&#8221;yes&#8221; gutter_size=&#8221;0&#8243; column_width_percent=&#8221;100&#8243; shift_y=&#8221;0&#8243; z_index=&#8221;0&#8243;][vc_column column_width_percent=&#8221;100&#8243; position_vertical=&#8221;middle&#8221; gutter_size=&#8221;2&#8243; style=&#8221;dark&#8221; [&hellip;]<\/p>\n","protected":false},"author":6,"featured_media":0,"parent":0,"menu_order":0,"comment_status":"closed","ping_status":"closed","template":"","meta":[],"_links":{"self":[{"href":"https:\/\/www.sitour.fr\/en\/wp-json\/wp\/v2\/pages\/3734"}],"collection":[{"href":"https:\/\/www.sitour.fr\/en\/wp-json\/wp\/v2\/pages"}],"about":[{"href":"https:\/\/www.sitour.fr\/en\/wp-json\/wp\/v2\/types\/page"}],"author":[{"embeddable":true,"href":"https:\/\/www.sitour.fr\/en\/wp-json\/wp\/v2\/users\/6"}],"replies":[{"embeddable":true,"href":"https:\/\/www.sitour.fr\/en\/wp-json\/wp\/v2\/comments?post=3734"}],"version-history":[{"count":12,"href":"https:\/\/www.sitour.fr\/en\/wp-json\/wp\/v2\/pages\/3734\/revisions"}],"predecessor-version":[{"id":4564,"href":"https:\/\/www.sitour.fr\/en\/wp-json\/wp\/v2\/pages\/3734\/revisions\/4564"}],"wp:attachment":[{"href":"https:\/\/www.sitour.fr\/en\/wp-json\/wp\/v2\/media?parent=3734"}],"curies":[{"name":"wp","href":"https:\/\/api.w.org\/{rel}","templated":true}]}}