{"id":2028,"date":"2020-08-25T10:39:13","date_gmt":"2020-08-25T08:39:13","guid":{"rendered":"https:\/\/www.sitour.fr\/nous-rejoindre\/"},"modified":"2020-09-17T18:12:19","modified_gmt":"2020-09-17T16:12:19","slug":"unisciti-a-noi","status":"publish","type":"page","link":"https:\/\/www.sitour.fr\/it\/unisciti-a-noi\/","title":{"rendered":"Nous rejoindre"},"content":{"rendered":"<p>[vc_row unlock_row_content=&#8221;yes&#8221; row_height_percent=&#8221;50&#8243; override_padding=&#8221;yes&#8221; h_padding=&#8221;3&#8243; top_padding=&#8221;2&#8243; bottom_padding=&#8221;2&#8243; back_image=&#8221;1240&#8243; back_position=&#8221;center center&#8221; overlay_color=&#8221;color-jevc&#8221; overlay_alpha=&#8221;40&#8243; equal_height=&#8221;yes&#8221; gutter_size=&#8221;0&#8243; column_width_percent=&#8221;100&#8243; shift_y=&#8221;0&#8243; z_index=&#8221;0&#8243;][vc_column column_width_percent=&#8221;100&#8243; position_vertical=&#8221;middle&#8221; gutter_size=&#8221;0&#8243; style=&#8221;dark&#8221; overlay_alpha=&#8221;50&#8243; shift_x=&#8221;0&#8243; shift_y=&#8221;0&#8243; shift_y_down=&#8221;0&#8243; z_index=&#8221;0&#8243; medium_width=&#8221;0&#8243; mobile_width=&#8221;0&#8243; width=&#8221;1\/1&#8243;][vc_custom_heading heading_semantic=&#8221;h1&#8243; text_size=&#8221;h1&#8243; text_weight=&#8221;700&#8243; sub_reduced=&#8221;yes&#8221; css_animation=&#8221;curtain-words&#8221;]Nous rejoindre[\/vc_custom_heading][vc_column_text css_animation=&#8221;bottom-t-top&#8221; animation_speed=&#8221;400&#8243; animation_delay=&#8221;200&#8243; el_class=&#8221;h1-subtext&#8221;]Si vous souhaitez, vous aussi, apporter votre exp\u00e9rience au service de nos clients et faire partie de l\u2019innovation de demain, rejoignez-nous ![\/vc_column_text][\/vc_column][\/vc_row][vc_row unlock_row_content=&#8221;yes&#8221; row_height_percent=&#8221;50&#8243; override_padding=&#8221;yes&#8221; h_padding=&#8221;0&#8243; top_padding=&#8221;0&#8243; bottom_padding=&#8221;0&#8243; overlay_color=&#8221;color-jevc&#8221; overlay_alpha=&#8221;40&#8243; equal_height=&#8221;yes&#8221; gutter_size=&#8221;0&#8243; column_width_percent=&#8221;100&#8243; shift_y=&#8221;0&#8243; z_index=&#8221;0&#8243; el_class=&#8221;responsive-container fullw&#8221;][vc_column column_width_percent=&#8221;100&#8243; gutter_size=&#8221;3&#8243; back_image=&#8221;1243&#8243; overlay_alpha=&#8221;50&#8243; shift_x=&#8221;0&#8243; shift_y=&#8221;0&#8243; shift_y_down=&#8221;0&#8243; z_index=&#8221;0&#8243; medium_width=&#8221;0&#8243; mobile_width=&#8221;0&#8243; width=&#8221;1\/2&#8243; el_class=&#8221;col-6-image&#8221;][\/vc_column][vc_column column_width_percent=&#8221;100&#8243; position_vertical=&#8221;middle&#8221; gutter_size=&#8221;2&#8243; override_padding=&#8221;yes&#8221; column_padding=&#8221;5&#8243; style=&#8221;light&#8221; back_color=&#8221;color-xsdn&#8221; overlay_alpha=&#8221;50&#8243; shift_x=&#8221;0&#8243; shift_y=&#8221;0&#8243; shift_y_down=&#8221;0&#8243; z_index=&#8221;0&#8243; medium_width=&#8221;0&#8243; mobile_width=&#8221;0&#8243; width=&#8221;1\/2&#8243;][vc_custom_heading text_weight=&#8221;700&#8243; text_color=&#8221;color-444479&#8243; sub_reduced=&#8221;yes&#8221; css_animation=&#8221;curtain-words&#8221;]Avan\u00e7ons ensemble[\/vc_custom_heading][vc_column_text css_animation=&#8221;bottom-t-top&#8221;]Depuis 1967, nous concevons, fabriquons<br \/>\net distribuons des solutions innovantes<br \/>\net durables visant \u00e0 renforcer l\u2019exp\u00e9rience<br \/>\nd\u2019achat du consommateur.[\/vc_column_text][vc_button button_color=&#8221;color-444479&#8243; size=&#8221;btn-lg&#8221; radius=&#8221;btn-circle&#8221; outline=&#8221;yes&#8221; border_width=&#8221;0&#8243; css_animation=&#8221;bottom-t-top&#8221; link=&#8221;url:https%3A%2F%2Fwww.sitour.fr%2Fit%2Fsitour%2F|title:Sitour|&#8221;]En savoir plus[\/vc_button][\/vc_column][\/vc_row][vc_row unlock_row_content=&#8221;yes&#8221; row_height_percent=&#8221;50&#8243; override_padding=&#8221;yes&#8221; h_padding=&#8221;0&#8243; top_padding=&#8221;0&#8243; bottom_padding=&#8221;0&#8243; overlay_color=&#8221;color-jevc&#8221; overlay_alpha=&#8221;40&#8243; equal_height=&#8221;yes&#8221; gutter_size=&#8221;0&#8243; column_width_percent=&#8221;100&#8243; shift_y=&#8221;0&#8243; z_index=&#8221;0&#8243; el_class=&#8221;responsive-container fullw&#8221;][vc_column column_width_percent=&#8221;100&#8243; position_vertical=&#8221;middle&#8221; gutter_size=&#8221;2&#8243; override_padding=&#8221;yes&#8221; column_padding=&#8221;5&#8243; style=&#8221;dark&#8221; back_color=&#8221;color-444479&#8243; overlay_alpha=&#8221;50&#8243; shift_x=&#8221;0&#8243; shift_y=&#8221;0&#8243; shift_y_down=&#8221;0&#8243; z_index=&#8221;0&#8243; medium_width=&#8221;0&#8243; mobile_width=&#8221;0&#8243; width=&#8221;1\/2&#8243;][vc_custom_heading text_weight=&#8221;700&#8243; sub_reduced=&#8221;yes&#8221; css_animation=&#8221;curtain-words&#8221;]Innovons ensemble[\/vc_custom_heading][vc_column_text css_animation=&#8221;bottom-t-top&#8221;]Des \u00e9quipes de sp\u00e9cialistes issues de la distribution ou des marques avec une m\u00eame passion commune : l\u2019exp\u00e9rience client.<br \/>\nGr\u00e2ce \u00e0 leurs expertises sp\u00e9cifiques, \u00e0 leur savoir-faire et leur proactivit\u00e9, ces ambassadeurs contribuent pleinement au rayonnement de Sitour.[\/vc_column_text][\/vc_column][vc_column column_width_percent=&#8221;100&#8243; gutter_size=&#8221;3&#8243; back_image=&#8221;1246&#8243; overlay_alpha=&#8221;50&#8243; shift_x=&#8221;0&#8243; shift_y=&#8221;0&#8243; shift_y_down=&#8221;0&#8243; z_index=&#8221;0&#8243; medium_width=&#8221;0&#8243; mobile_width=&#8221;0&#8243; width=&#8221;1\/2&#8243; el_class=&#8221;col-6-image&#8221;][\/vc_column][\/vc_row][vc_row unlock_row_content=&#8221;yes&#8221; row_height_percent=&#8221;50&#8243; override_padding=&#8221;yes&#8221; h_padding=&#8221;0&#8243; top_padding=&#8221;0&#8243; bottom_padding=&#8221;0&#8243; overlay_color=&#8221;color-jevc&#8221; overlay_alpha=&#8221;40&#8243; equal_height=&#8221;yes&#8221; gutter_size=&#8221;0&#8243; column_width_percent=&#8221;100&#8243; shift_y=&#8221;0&#8243; z_index=&#8221;0&#8243; el_class=&#8221;responsive-container fullw&#8221;][vc_column column_width_percent=&#8221;100&#8243; gutter_size=&#8221;3&#8243; back_image=&#8221;1249&#8243; overlay_alpha=&#8221;50&#8243; shift_x=&#8221;0&#8243; shift_y=&#8221;0&#8243; shift_y_down=&#8221;0&#8243; z_index=&#8221;0&#8243; medium_width=&#8221;0&#8243; mobile_width=&#8221;0&#8243; width=&#8221;1\/2&#8243; el_class=&#8221;col-6-image&#8221;][\/vc_column][vc_column column_width_percent=&#8221;100&#8243; position_vertical=&#8221;middle&#8221; gutter_size=&#8221;2&#8243; override_padding=&#8221;yes&#8221; column_padding=&#8221;5&#8243; style=&#8221;light&#8221; back_color=&#8221;color-xsdn&#8221; overlay_alpha=&#8221;50&#8243; shift_x=&#8221;0&#8243; shift_y=&#8221;0&#8243; shift_y_down=&#8221;0&#8243; z_index=&#8221;0&#8243; medium_width=&#8221;0&#8243; mobile_width=&#8221;0&#8243; width=&#8221;1\/2&#8243;][vc_custom_heading text_weight=&#8221;700&#8243; text_color=&#8221;color-444479&#8243; sub_reduced=&#8221;yes&#8221; css_animation=&#8221;curtain-words&#8221;]Engag\u00e9s dans<br \/>\nune d\u00e9marche RSE[\/vc_custom_heading][vc_column_text css_animation=&#8221;bottom-t-top&#8221;]Sitour est engag\u00e9 dans une d\u00e9marche RSE<br \/>\ndepuis de nombreuses ann\u00e9es.<br \/>\nNos d\u00e9marches \u00e9co-citoyennes ne sont<br \/>\npas que des mots mais des actions concr\u00e8tes<br \/>\net quotidiennes.[\/vc_column_text][vc_button button_color=&#8221;color-444479&#8243; size=&#8221;btn-lg&#8221; radius=&#8221;btn-circle&#8221; outline=&#8221;yes&#8221; border_width=&#8221;0&#8243; css_animation=&#8221;bottom-t-top&#8221; link=&#8221;url:https%3A%2F%2Fwww.sitour.fr%2Fit%2Fsitour%2F%23rse|title:Sitour|&#8221;]D\u00e9couvrez nos engagements[\/vc_button][\/vc_column][\/vc_row][vc_row unlock_row_content=&#8221;yes&#8221; row_height_percent=&#8221;50&#8243; override_padding=&#8221;yes&#8221; h_padding=&#8221;0&#8243; top_padding=&#8221;0&#8243; bottom_padding=&#8221;0&#8243; back_color=&#8221;color-lxmt&#8221; overlay_alpha=&#8221;40&#8243; equal_height=&#8221;yes&#8221; gutter_size=&#8221;0&#8243; column_width_percent=&#8221;100&#8243; shift_y=&#8221;0&#8243; z_index=&#8221;0&#8243; el_class=&#8221;responsive-container fullw&#8221;][vc_column column_width_percent=&#8221;100&#8243; position_vertical=&#8221;middle&#8221; align_horizontal=&#8221;align_center&#8221; gutter_size=&#8221;3&#8243; override_padding=&#8221;yes&#8221; column_padding=&#8221;5&#8243; style=&#8221;light&#8221; overlay_alpha=&#8221;50&#8243; shift_x=&#8221;0&#8243; shift_y=&#8221;0&#8243; shift_y_down=&#8221;0&#8243; z_index=&#8221;0&#8243; medium_width=&#8221;0&#8243; mobile_width=&#8221;0&#8243; width=&#8221;1\/1&#8243;][vc_custom_heading text_weight=&#8221;700&#8243; text_color=&#8221;color-444479&#8243; sub_reduced=&#8221;yes&#8221; css_animation=&#8221;curtain-words&#8221;]Nos opportunit\u00e9s r\u00e9centes[\/vc_custom_heading][vc_row_inner row_inner_height_percent=&#8221;0&#8243; overlay_alpha=&#8221;50&#8243; gutter_size=&#8221;3&#8243; shift_y=&#8221;0&#8243; z_index=&#8221;0&#8243; limit_content=&#8221;&#8221; css=&#8221;.vc_custom_1600358663631{margin-top: 4rem !important;}&#8221;][vc_column_inner column_width_percent=&#8221;100&#8243; align_horizontal=&#8221;align_center&#8221; gutter_size=&#8221;2&#8243; back_color=&#8221;color-xsdn&#8221; overlay_alpha=&#8221;50&#8243; shift_x=&#8221;0&#8243; shift_y=&#8221;0&#8243; shift_y_down=&#8221;0&#8243; z_index=&#8221;0&#8243; medium_width=&#8221;0&#8243; mobile_width=&#8221;0&#8243; width=&#8221;1\/3&#8243;][vc_custom_heading heading_semantic=&#8221;h3&#8243; text_size=&#8221;h4&#8243; text_weight=&#8221;700&#8243; text_color=&#8221;color-444479&#8243; sub_reduced=&#8221;yes&#8221;]Chef de projet Digital \u2013 Web Marketer H\/F en CDI[\/vc_custom_heading][vc_column_text css_animation=&#8221;bottom-t-top&#8221;]Au sein d\u2019une \u00e9quipe d\u00e9di\u00e9e \u00e0 la communication et au Design, vous \u00eates charg\u00e9 d\u2019\u00e9laborer <strong>la strat\u00e9gie digitale<\/strong> pour les diff\u00e9rentes marques de notre Groupe\u00a0(<strong>France et International<\/strong>): sites internet e-shop et vitrines, marketing direct, r\u00e9seaux sociaux, Market Places.[\/vc_column_text][vc_button button_color=&#8221;color-444479&#8243; size=&#8221;btn-lg&#8221; radius=&#8221;btn-circle&#8221; outline=&#8221;yes&#8221; border_width=&#8221;0&#8243; css_animation=&#8221;bottom-t-top&#8221; link=&#8221;url:%2F%3Fpage_id%3D2241|title:Chef%20de%20projet%20Digital%20%E2%80%93%20Web%20Marketer%20H%2FF%20poste%20%C3%A0%20pourvoir%20en%20CDI|&#8221;]Voir le poste[\/vc_button][\/vc_column_inner][vc_column_inner column_width_percent=&#8221;100&#8243; align_horizontal=&#8221;align_center&#8221; gutter_size=&#8221;2&#8243; back_color=&#8221;color-xsdn&#8221; overlay_alpha=&#8221;50&#8243; shift_x=&#8221;0&#8243; shift_y=&#8221;0&#8243; shift_y_down=&#8221;0&#8243; z_index=&#8221;0&#8243; medium_width=&#8221;0&#8243; mobile_width=&#8221;0&#8243; width=&#8221;1\/3&#8243;][vc_custom_heading heading_semantic=&#8221;h3&#8243; text_size=&#8221;h4&#8243; text_weight=&#8221;700&#8243; text_color=&#8221;color-444479&#8243; sub_reduced=&#8221;yes&#8221;]Commercial Grands Comptes H\/F en contrat d\u2019apprentissage[\/vc_custom_heading][vc_column_text css_animation=&#8221;bottom-t-top&#8221;]Au sein d\u2019un service commercial d\u00e9di\u00e9 aux <strong>Brands (marques et industriels de la Grande Consommation)<\/strong>, vous d\u00e9veloppez <strong>une activit\u00e9 commerciale grands comptes<\/strong> n\u00e9cessitant la gestion de projets sur mesure \u00e0 forte valeur ajout\u00e9e[\/vc_column_text][vc_button button_color=&#8221;color-444479&#8243; size=&#8221;btn-lg&#8221; radius=&#8221;btn-circle&#8221; outline=&#8221;yes&#8221; border_width=&#8221;0&#8243; css_animation=&#8221;bottom-t-top&#8221; link=&#8221;url:%2F%3Fpage_id%3D2249|title:Commercial%20Grands%20Comptes%20H%2FF%20en%20contrat%20d%E2%80%99apprentissage|&#8221;]Voir le poste[\/vc_button][\/vc_column_inner][vc_column_inner column_width_percent=&#8221;100&#8243; align_horizontal=&#8221;align_center&#8221; gutter_size=&#8221;2&#8243; back_color=&#8221;color-xsdn&#8221; overlay_alpha=&#8221;50&#8243; shift_x=&#8221;0&#8243; shift_y=&#8221;0&#8243; shift_y_down=&#8221;0&#8243; z_index=&#8221;0&#8243; medium_width=&#8221;0&#8243; mobile_width=&#8221;0&#8243; width=&#8221;1\/3&#8243;][vc_custom_heading heading_semantic=&#8221;h3&#8243; text_size=&#8221;h4&#8243; text_weight=&#8221;700&#8243; text_color=&#8221;color-444479&#8243; sub_reduced=&#8221;yes&#8221;]Charg\u00e9 d\u2019affaires &#8211; Fabricant en PLV pour notre p\u00f4le signal\u00e9tique H\/F en CDI[\/vc_custom_heading][vc_column_text css_animation=&#8221;bottom-t-top&#8221;]Au sein d\u2019une \u00e9quipe d\u00e9di\u00e9e aux changements de concepts et d\u2019identit\u00e9 visuelle des magasins de la Grande Distribution, vous \u00eates charg\u00e9 de mettre en \u0153uvre <strong>la planification et l\u2019ordonnancement de la production de projets sur mesure<\/strong> visant \u00e0 l\u2019habillage int\u00e9rieur du point de vente (panneaux all\u00e9es, panneaux d\u2019univers, frises p\u00e9riph\u00e9riques, habillages de gondoles et t\u00eate de gondole, zones saisonni\u00e8res, habillage de rayons).[\/vc_column_text][vc_button button_color=&#8221;color-444479&#8243; size=&#8221;btn-lg&#8221; radius=&#8221;btn-circle&#8221; outline=&#8221;yes&#8221; border_width=&#8221;0&#8243; css_animation=&#8221;bottom-t-top&#8221; link=&#8221;url:%2F%3Fpage_id%3D2253|title:Charg%C3%A9%20d%E2%80%99affaires%20%E2%80%93%20Fabricant%20en%20PLV%20pour%20notre%20p%C3%B4le%20signal%C3%A9tique%20H%2FF%20en%20CDI|&#8221;]Voir le poste[\/vc_button][\/vc_column_inner][\/vc_row_inner][vc_button button_color=&#8221;color-444479&#8243; size=&#8221;btn-lg&#8221; radius=&#8221;btn-circle&#8221; outline=&#8221;yes&#8221; border_width=&#8221;0&#8243; css_animation=&#8221;bottom-t-top&#8221;]D\u00e9couvrez toutes les offres[\/vc_button][\/vc_column][\/vc_row][vc_row unlock_row_content=&#8221;yes&#8221; row_height_percent=&#8221;50&#8243; override_padding=&#8221;yes&#8221; h_padding=&#8221;0&#8243; top_padding=&#8221;0&#8243; bottom_padding=&#8221;0&#8243; overlay_alpha=&#8221;40&#8243; equal_height=&#8221;yes&#8221; gutter_size=&#8221;0&#8243; column_width_percent=&#8221;100&#8243; shift_y=&#8221;0&#8243; z_index=&#8221;0&#8243; el_class=&#8221;responsive-container fullw&#8221;][vc_column column_width_percent=&#8221;100&#8243; position_vertical=&#8221;middle&#8221; gutter_size=&#8221;3&#8243; override_padding=&#8221;yes&#8221; column_padding=&#8221;5&#8243; style=&#8221;light&#8221; overlay_alpha=&#8221;50&#8243; shift_x=&#8221;0&#8243; shift_y=&#8221;0&#8243; shift_y_down=&#8221;0&#8243; z_index=&#8221;0&#8243; medium_width=&#8221;0&#8243; mobile_width=&#8221;0&#8243; width=&#8221;1\/1&#8243;][vc_column_text css_animation=&#8221;bottom-t-top&#8221; el_class=&#8221;form-rejoindre__title&#8221;]Aucune de ces opportunit\u00e9s<br \/>\nne correspond \u00e0 votre recherche ?<br \/>\n<strong>Partagez-nous votre candidature<br \/>\nspontan\u00e9e en quelques clics<\/strong>[\/vc_column_text]<div role=\"form\" class=\"wpcf7\" id=\"wpcf7-f1256-o1\" lang=\"fr-FR\" dir=\"ltr\">\n<div class=\"screen-reader-response\"><p role=\"status\" aria-live=\"polite\" aria-atomic=\"true\"><\/p> <ul><\/ul><\/div>\n<form action=\"\/it\/wp-json\/wp\/v2\/pages\/2028#wpcf7-f1256-o1\" method=\"post\" class=\"wpcf7-form init\" enctype=\"multipart\/form-data\" novalidate=\"novalidate\" data-status=\"init\">\n<div style=\"display: none;\">\n<input type=\"hidden\" name=\"_wpcf7\" value=\"1256\" \/>\n<input type=\"hidden\" name=\"_wpcf7_version\" value=\"5.5.4\" \/>\n<input type=\"hidden\" name=\"_wpcf7_locale\" value=\"fr_FR\" \/>\n<input type=\"hidden\" name=\"_wpcf7_unit_tag\" value=\"wpcf7-f1256-o1\" \/>\n<input type=\"hidden\" name=\"_wpcf7_container_post\" value=\"0\" \/>\n<input type=\"hidden\" name=\"_wpcf7_posted_data_hash\" value=\"\" \/>\n<input type=\"hidden\" name=\"_wpcf7_recaptcha_response\" value=\"\" \/>\n<\/div>\n<div class=\"join-us__form\">\n<div class=\"join-us__container\">\n<div class=\"join-us__name\">\n<p class=\"input-field\">\n        <label>Votre nom*<\/label><br \/>\n        <span class=\"wpcf7-form-control-wrap nom\"><input type=\"text\" name=\"nom\" value=\"Nom\" size=\"40\" class=\"wpcf7-form-control wpcf7-text wpcf7-validates-as-required\" aria-required=\"true\" aria-invalid=\"false\" \/><\/span>\n      <\/p>\n<p class=\"input-field\">\n        <label>Votre pr\u00e9nom*<\/label><br \/>\n        <span class=\"wpcf7-form-control-wrap prenom\"><input type=\"text\" name=\"prenom\" value=\"Pr\u00e9nom\" size=\"40\" class=\"wpcf7-form-control wpcf7-text wpcf7-validates-as-required\" aria-required=\"true\" aria-invalid=\"false\" \/><\/span>\n      <\/p>\n<p class=\"input-field\">\n        <label>Votre E-mail*<\/label><br \/>\n        <span class=\"wpcf7-form-control-wrap email\"><input type=\"email\" name=\"email\" value=\"E-mail\" size=\"40\" class=\"wpcf7-form-control wpcf7-text wpcf7-email wpcf7-validates-as-required wpcf7-validates-as-email\" aria-required=\"true\" aria-invalid=\"false\" \/><\/span>\n      <\/p>\n<\/div>\n<p><!-- \/join-us__name --><\/p>\n<div class=\"join-us__job\">\n<p class=\"input-field\">\n        <label>Type de candidature*<\/label><br \/>\n        <span class=\"wpcf7-form-control-wrap type\"><select name=\"type\" class=\"wpcf7-form-control wpcf7-select wpcf7-validates-as-required\" aria-required=\"true\" aria-invalid=\"false\"><option value=\"Candidature spontan\u00e9e\">Candidature spontan\u00e9e<\/option><\/select><\/span>\n      <\/p>\n<p class=\"input-field\">\n        <label>Fonction souhait\u00e9e*<\/label><br \/>\n        <span class=\"wpcf7-form-control-wrap poste\"><select name=\"poste\" class=\"wpcf7-form-control wpcf7-select wpcf7-validates-as-required\" aria-required=\"true\" aria-invalid=\"false\"><option value=\"Commercial\">Commercial<\/option><option value=\"Autres\">Autres<\/option><\/select><\/span>\n      <\/p>\n<\/div>\n<p><!-- \/join-us__job --><\/p>\n<div class=\"join-us__situation\">\n<p class=\"input-field\">\n        <label>\u00cates-vous actuellement en poste ?*<\/label><br \/>\n        <span class=\"wpcf7-form-control-wrap en_poste\"><span class=\"wpcf7-form-control wpcf7-radio\"><span class=\"wpcf7-list-item first\"><input type=\"radio\" name=\"en_poste\" value=\"Oui\" \/><span class=\"wpcf7-list-item-label\">Oui<\/span><\/span><span class=\"wpcf7-list-item last\"><input type=\"radio\" name=\"en_poste\" value=\"Non\" \/><span class=\"wpcf7-list-item-label\">Non<\/span><\/span><\/span><\/span>\n      <\/p>\n<\/div>\n<p><!-- \/join-us__situation --><\/p>\n<p class=\"label\">Votre r\u00e9mun\u00e9ration actuelle ou derni\u00e8re r\u00e9mun\u00e9ration<\/p>\n<div class=\"join-us__remuneration\">\n<p class=\"input-field\">\n        <span class=\"sub-label\">Fixe mensuel :*<\/span><br \/>\n        <span class=\"wpcf7-form-control-wrap remuneration-mensuelle\"><input type=\"text\" name=\"remuneration-mensuelle\" value=\"\" size=\"40\" class=\"wpcf7-form-control wpcf7-text wpcf7-validates-as-required\" aria-required=\"true\" aria-invalid=\"false\" \/><\/span>\n      <\/p>\n<p class=\"input-field\">\n        <!--<span class=\"sub-label\">sur<\/span>--><br \/>\n        <span class=\"input-months\">sur <span class=\"wpcf7-form-control-wrap par-mois\"><input type=\"number\" name=\"par-mois\" value=\"1\" class=\"wpcf7-form-control wpcf7-number wpcf7-validates-as-number\" min=\"1\" max=\"12\" aria-invalid=\"false\" \/><\/span> mois*<\/span>\n      <\/p>\n<p class=\"input-field\">\n        <span class=\"sub-label\">Variable annuel :*<\/span><br \/>\n        <span class=\"wpcf7-form-control-wrap remuneration-annuelle\"><input type=\"text\" name=\"remuneration-annuelle\" value=\"\" size=\"40\" class=\"wpcf7-form-control wpcf7-text wpcf7-validates-as-required\" aria-required=\"true\" aria-invalid=\"false\" \/><\/span>\n      <\/p>\n<p class=\"input-field\">\n        <span class=\"sub-label\">Soit r\u00e9mun\u00e9ration brute annuelle totale :*<\/span><br \/>\n        <span class=\"wpcf7-form-control-wrap remuneration-annuelle-totale\"><input type=\"text\" name=\"remuneration-annuelle-totale\" value=\"\" size=\"40\" class=\"wpcf7-form-control wpcf7-text\" aria-invalid=\"false\" \/><\/span>\n      <\/p>\n<p class=\"input-field\">\n        <span class=\"sub-label\">Accord de participation*<\/span><br \/>\n        <span class=\"wpcf7-form-control-wrap participation\"><span class=\"wpcf7-form-control wpcf7-radio\"><span class=\"wpcf7-list-item first\"><input type=\"radio\" name=\"participation\" value=\"Oui\" \/><span class=\"wpcf7-list-item-label\">Oui<\/span><\/span><span class=\"wpcf7-list-item last\"><input type=\"radio\" name=\"participation\" value=\"Non\" \/><span class=\"wpcf7-list-item-label\">Non<\/span><\/span><\/span><\/span>\n      <\/p>\n<p class=\"input-field\">\n        <span class=\"sub-label\">Accord d'int\u00e9ressement*<\/span><br \/>\n        <span class=\"wpcf7-form-control-wrap interessement\"><span class=\"wpcf7-form-control wpcf7-radio\"><span class=\"wpcf7-list-item first\"><input type=\"radio\" name=\"interessement\" value=\"Oui\" \/><span class=\"wpcf7-list-item-label\">Oui<\/span><\/span><span class=\"wpcf7-list-item last\"><input type=\"radio\" name=\"interessement\" value=\"Non\" \/><span class=\"wpcf7-list-item-label\">Non<\/span><\/span><\/span><\/span>\n      <\/p>\n<\/div>\n<p><!-- \/join-us__remuneration --><\/p>\n<div class=\"join-us__message\">\n<p class=\"textarea-field\">\n        <label>Comment connaissez-vous notre entreprise ?*<\/label><br \/>\n        <span class=\"wpcf7-form-control-wrap message\"><textarea name=\"message\" cols=\"40\" rows=\"10\" class=\"wpcf7-form-control wpcf7-textarea wpcf7-validates-as-required\" aria-required=\"true\" aria-invalid=\"false\"><\/textarea><\/span>\n      <\/p>\n<\/div>\n<p><!-- \/join-us__message --><\/p>\n<\/div>\n<p><!-- \/join-us__container --><\/p>\n<div class=\"submit__container\">\n<p class=\"file-field\">\n      <span class=\"label\">Votre CV (pdf, doc, docx) :<\/span><br \/>\n      <label for=\"file\" class=\"inputfile__label\"><span>Choisir un fichier<\/span><\/label><br \/>\n      <span class=\"wpcf7-form-control-wrap fichier\"><input type=\"file\" name=\"fichier\" size=\"40\" class=\"wpcf7-form-control wpcf7-file inputfile\" id=\"file\" accept=\".jpg,.jpeg,.png,.gif,.pdf,.doc,.docx,.ppt,.pptx,.odt,.avi,.ogg,.m4a,.mov,.mp3,.mp4,.mpg,.wav,.wmv\" aria-invalid=\"false\" \/><\/span>\n    <\/p>\n<p class=\"submit-field\"><input type=\"submit\" value=\"Envoyer\" class=\"wpcf7-form-control has-spinner wpcf7-submit\" \/><\/p>\n<\/div>\n<p><!-- \/submit__container --><\/p>\n<p class=\"required-text\">* Mentions obligatoires<\/p>\n<\/div>\n<p><!-- \/join-us__form --><\/p>\n<div class=\"wpcf7-response-output\" aria-hidden=\"true\"><\/div><\/form><\/div>[\/vc_column][\/vc_row]<\/p>\n","protected":false},"excerpt":{"rendered":"<p>[vc_row unlock_row_content=&#8221;yes&#8221; row_height_percent=&#8221;50&#8243; override_padding=&#8221;yes&#8221; h_padding=&#8221;3&#8243; top_padding=&#8221;2&#8243; bottom_padding=&#8221;2&#8243; back_image=&#8221;1240&#8243; back_position=&#8221;center center&#8221; overlay_color=&#8221;color-jevc&#8221; overlay_alpha=&#8221;40&#8243; equal_height=&#8221;yes&#8221; gutter_size=&#8221;0&#8243; column_width_percent=&#8221;100&#8243; shift_y=&#8221;0&#8243; z_index=&#8221;0&#8243;][vc_column column_width_percent=&#8221;100&#8243; position_vertical=&#8221;middle&#8221; gutter_size=&#8221;0&#8243; [&hellip;]<\/p>\n","protected":false},"author":6,"featured_media":0,"parent":0,"menu_order":0,"comment_status":"closed","ping_status":"closed","template":"","meta":[],"_links":{"self":[{"href":"https:\/\/www.sitour.fr\/it\/wp-json\/wp\/v2\/pages\/2028"}],"collection":[{"href":"https:\/\/www.sitour.fr\/it\/wp-json\/wp\/v2\/pages"}],"about":[{"href":"https:\/\/www.sitour.fr\/it\/wp-json\/wp\/v2\/types\/page"}],"author":[{"embeddable":true,"href":"https:\/\/www.sitour.fr\/it\/wp-json\/wp\/v2\/users\/6"}],"replies":[{"embeddable":true,"href":"https:\/\/www.sitour.fr\/it\/wp-json\/wp\/v2\/comments?post=2028"}],"version-history":[{"count":0,"href":"https:\/\/www.sitour.fr\/it\/wp-json\/wp\/v2\/pages\/2028\/revisions"}],"wp:attachment":[{"href":"https:\/\/www.sitour.fr\/it\/wp-json\/wp\/v2\/media?parent=2028"}],"curies":[{"name":"wp","href":"https:\/\/api.w.org\/{rel}","templated":true}]}}