{"id":2040,"date":"2020-07-27T12:18:11","date_gmt":"2020-07-27T10:18:11","guid":{"rendered":"https:\/\/www.sitour.fr\/theatralisation\/"},"modified":"2020-09-17T11:56:50","modified_gmt":"2020-09-17T09:56:50","slug":"teatralizzazione","status":"publish","type":"page","link":"https:\/\/www.sitour.fr\/it\/teatralizzazione\/","title":{"rendered":"Th\u00e9\u00e2tralisation"},"content":{"rendered":"<p>[vc_row unlock_row_content=&#8221;yes&#8221; row_height_percent=&#8221;50&#8243; override_padding=&#8221;yes&#8221; h_padding=&#8221;3&#8243; top_padding=&#8221;2&#8243; bottom_padding=&#8221;2&#8243; back_image=&#8221;1305&#8243; back_position=&#8221;center center&#8221; overlay_color=&#8221;color-jevc&#8221; overlay_alpha=&#8221;40&#8243; equal_height=&#8221;yes&#8221; gutter_size=&#8221;0&#8243; column_width_percent=&#8221;100&#8243; shift_y=&#8221;0&#8243; z_index=&#8221;0&#8243;][vc_column column_width_percent=&#8221;100&#8243; position_vertical=&#8221;middle&#8221; gutter_size=&#8221;0&#8243; style=&#8221;dark&#8221; overlay_alpha=&#8221;50&#8243; shift_x=&#8221;0&#8243; shift_y=&#8221;0&#8243; shift_y_down=&#8221;0&#8243; z_index=&#8221;0&#8243; medium_width=&#8221;0&#8243; mobile_width=&#8221;0&#8243; width=&#8221;1\/1&#8243;][vc_custom_heading heading_semantic=&#8221;h1&#8243; text_size=&#8221;h1&#8243; text_weight=&#8221;700&#8243; sub_reduced=&#8221;yes&#8221; css_animation=&#8221;curtain-words&#8221;]Th\u00e9\u00e2tralisation[\/vc_custom_heading][vc_column_text css_animation=&#8221;bottom-t-top&#8221; animation_speed=&#8221;200&#8243; el_class=&#8221;h1-subtext&#8221;]Une exp\u00e9rience d\u2019achat diff\u00e9renciante<br \/>\npour valoriser vos lin\u00e9aires[\/vc_column_text][\/vc_column][\/vc_row][vc_row unlock_row_content=&#8221;yes&#8221; row_height_percent=&#8221;60&#8243; override_padding=&#8221;yes&#8221; h_padding=&#8221;0&#8243; top_padding=&#8221;0&#8243; bottom_padding=&#8221;0&#8243; overlay_color=&#8221;color-jevc&#8221; overlay_alpha=&#8221;40&#8243; equal_height=&#8221;yes&#8221; gutter_size=&#8221;0&#8243; column_width_percent=&#8221;100&#8243; shift_y=&#8221;0&#8243; z_index=&#8221;0&#8243; el_class=&#8221;responsive-container fullw&#8221;][vc_column column_width_percent=&#8221;100&#8243; position_vertical=&#8221;middle&#8221; gutter_size=&#8221;2&#8243; override_padding=&#8221;yes&#8221; column_padding=&#8221;5&#8243; back_color=&#8221;color-xsdn&#8221; overlay_alpha=&#8221;50&#8243; shift_x=&#8221;0&#8243; shift_y=&#8221;0&#8243; shift_y_down=&#8221;0&#8243; z_index=&#8221;0&#8243; medium_width=&#8221;0&#8243; mobile_width=&#8221;0&#8243; width=&#8221;1\/2&#8243;][vc_custom_heading text_weight=&#8221;700&#8243; text_color=&#8221;color-100624&#8243; sub_reduced=&#8221;yes&#8221; css_animation=&#8221;curtain-words&#8221;]Une visibilit\u00e9 renforc\u00e9e gr\u00e2ce \u00e0 la lumi\u00e8re[\/vc_custom_heading][vc_column_text css_animation=&#8221;bottom-t-top&#8221;]<\/p>\n<ul>\n<li>Frontons lumineux connect\u00e9s aimant\u00e9s sur tablette avec visuel interchangeable<\/li>\n<li>R\u00e9glettes LED sous tablette<\/li>\n<li>Vitrine lumineuse<\/li>\n<li>Cadres LED<\/li>\n<\/ul>\n<p>[\/vc_column_text][vc_column_text css_animation=&#8221;bottom-t-top&#8221; el_class=&#8221;cta-plaquette__text rouge-sitour&#8221;]Pour en savoir plus, consultez notre plaquette[\/vc_column_text][vc_button button_color=&#8221;color-100624&#8243; size=&#8221;btn-lg&#8221; radius=&#8221;btn-circle&#8221; outline=&#8221;yes&#8221; border_width=&#8221;0&#8243; css_animation=&#8221;bottom-t-top&#8221; el_class=&#8221;download-file download-lumiere&#8221;]T\u00e9l\u00e9charger[\/vc_button][\/vc_column][vc_column column_width_percent=&#8221;100&#8243; position_vertical=&#8221;bottom&#8221; gutter_size=&#8221;3&#8243; back_image=&#8221;1328&#8243; overlay_alpha=&#8221;50&#8243; shift_x=&#8221;0&#8243; shift_y=&#8221;0&#8243; shift_y_down=&#8221;0&#8243; z_index=&#8221;0&#8243; medium_width=&#8221;0&#8243; mobile_width=&#8221;0&#8243; width=&#8221;1\/2&#8243; el_class=&#8221;col-6-image&#8221;][vc_raw_html]PHAgY2xhc3M9ImltYWdlLWxlZ2VuZCB0aGVhdHJhbGlzYXRpb24iPlByb2pldCBIWUdJRU5FPC9wPg==[\/vc_raw_html][\/vc_column][\/vc_row][vc_row unlock_row_content=&#8221;yes&#8221; row_height_percent=&#8221;60&#8243; override_padding=&#8221;yes&#8221; h_padding=&#8221;0&#8243; top_padding=&#8221;0&#8243; bottom_padding=&#8221;0&#8243; overlay_color=&#8221;color-jevc&#8221; overlay_alpha=&#8221;40&#8243; equal_height=&#8221;yes&#8221; gutter_size=&#8221;0&#8243; column_width_percent=&#8221;100&#8243; shift_y=&#8221;0&#8243; z_index=&#8221;0&#8243; el_class=&#8221;responsive-container fullw&#8221;][vc_column column_width_percent=&#8221;100&#8243; position_vertical=&#8221;bottom&#8221; gutter_size=&#8221;3&#8243; back_image=&#8221;235&#8243; overlay_alpha=&#8221;50&#8243; shift_x=&#8221;0&#8243; shift_y=&#8221;0&#8243; shift_y_down=&#8221;0&#8243; z_index=&#8221;0&#8243; medium_width=&#8221;0&#8243; mobile_width=&#8221;0&#8243; width=&#8221;1\/2&#8243; el_class=&#8221;col-6-image&#8221;][vc_raw_html]PHAgY2xhc3M9ImltYWdlLWxlZ2VuZCB0aGVhdHJhbGlzYXRpb24iPlByb2pldCBCw4lBQkE8L3A+[\/vc_raw_html][\/vc_column][vc_column column_width_percent=&#8221;100&#8243; position_vertical=&#8221;middle&#8221; gutter_size=&#8221;2&#8243; override_padding=&#8221;yes&#8221; column_padding=&#8221;5&#8243; style=&#8221;dark&#8221; back_color=&#8221;color-100624&#8243; overlay_alpha=&#8221;50&#8243; shift_x=&#8221;0&#8243; shift_y=&#8221;0&#8243; shift_y_down=&#8221;0&#8243; z_index=&#8221;0&#8243; medium_width=&#8221;0&#8243; mobile_width=&#8221;0&#8243; width=&#8221;1\/2&#8243;][vc_custom_heading text_weight=&#8221;700&#8243; sub_reduced=&#8221;yes&#8221; css_animation=&#8221;curtain-words&#8221;]Une segmentation plus claire pour guider le consommateur[\/vc_custom_heading][vc_column_text css_animation=&#8221;bottom-t-top&#8221;]<\/p>\n<ul>\n<li>Fen\u00eatres et cadres<\/li>\n<li>Segmentation lumineuse<\/li>\n<li>Frontons<\/li>\n<\/ul>\n<p>[\/vc_column_text][vc_column_text css_animation=&#8221;bottom-t-top&#8221; el_class=&#8221;cta-plaquette__text&#8221;]Pour en savoir plus, consultez notre catalogue[\/vc_column_text][vc_button size=&#8221;btn-lg&#8221; radius=&#8221;btn-circle&#8221; outline=&#8221;yes&#8221; border_width=&#8221;0&#8243; css_animation=&#8221;bottom-t-top&#8221;]T\u00e9l\u00e9charger[\/vc_button][\/vc_column][\/vc_row][vc_row unlock_row_content=&#8221;yes&#8221; row_height_percent=&#8221;60&#8243; override_padding=&#8221;yes&#8221; h_padding=&#8221;0&#8243; top_padding=&#8221;0&#8243; bottom_padding=&#8221;0&#8243; overlay_color=&#8221;color-jevc&#8221; overlay_alpha=&#8221;40&#8243; equal_height=&#8221;yes&#8221; gutter_size=&#8221;0&#8243; column_width_percent=&#8221;100&#8243; shift_y=&#8221;0&#8243; z_index=&#8221;0&#8243; el_class=&#8221;responsive-container fullw&#8221;][vc_column column_width_percent=&#8221;100&#8243; position_vertical=&#8221;bottom&#8221; gutter_size=&#8221;3&#8243; back_image=&#8221;1311&#8243; overlay_alpha=&#8221;50&#8243; shift_x=&#8221;0&#8243; shift_y=&#8221;0&#8243; shift_y_down=&#8221;0&#8243; z_index=&#8221;0&#8243; medium_width=&#8221;0&#8243; mobile_width=&#8221;0&#8243; width=&#8221;1\/2&#8243; el_class=&#8221;col-6-image&#8221;][vc_raw_html]PHAgY2xhc3M9ImltYWdlLWxlZ2VuZCB0aGVhdHJhbGlzYXRpb24iPlByb2pldCBSRVNDVUU8L3A+[\/vc_raw_html][\/vc_column][vc_column column_width_percent=&#8221;100&#8243; position_vertical=&#8221;bottom&#8221; gutter_size=&#8221;2&#8243; back_image=&#8221;1314&#8243; overlay_alpha=&#8221;50&#8243; shift_x=&#8221;0&#8243; shift_y=&#8221;0&#8243; shift_y_down=&#8221;0&#8243; z_index=&#8221;0&#8243; medium_width=&#8221;0&#8243; mobile_width=&#8221;0&#8243; width=&#8221;1\/2&#8243; el_class=&#8221;col-6-image&#8221;][vc_raw_html]PHAgY2xhc3M9ImltYWdlLWxlZ2VuZCB0aGVhdHJhbGlzYXRpb24iPlByb2pldCBQSEFSTUFDSUU8L3A+[\/vc_raw_html][\/vc_column][\/vc_row][vc_row unlock_row_content=&#8221;yes&#8221; row_height_percent=&#8221;60&#8243; override_padding=&#8221;yes&#8221; h_padding=&#8221;0&#8243; top_padding=&#8221;0&#8243; bottom_padding=&#8221;0&#8243; overlay_color=&#8221;color-jevc&#8221; overlay_alpha=&#8221;40&#8243; equal_height=&#8221;yes&#8221; gutter_size=&#8221;0&#8243; column_width_percent=&#8221;100&#8243; shift_y=&#8221;0&#8243; z_index=&#8221;0&#8243; el_class=&#8221;responsive-container fullw&#8221;][vc_column column_width_percent=&#8221;100&#8243; position_vertical=&#8221;bottom&#8221; gutter_size=&#8221;3&#8243; back_image=&#8221;233&#8243; overlay_alpha=&#8221;50&#8243; shift_x=&#8221;0&#8243; shift_y=&#8221;0&#8243; shift_y_down=&#8221;0&#8243; z_index=&#8221;0&#8243; medium_width=&#8221;0&#8243; mobile_width=&#8221;0&#8243; width=&#8221;1\/2&#8243; el_class=&#8221;col-6-image&#8221;][vc_raw_html]PHAgY2xhc3M9ImltYWdlLWxlZ2VuZCB0aGVhdHJhbGlzYXRpb24iPlByb2pldCBTQyBKT0hOU09OIEdMQURFPC9wPg==[\/vc_raw_html][\/vc_column][vc_column column_width_percent=&#8221;100&#8243; position_vertical=&#8221;middle&#8221; gutter_size=&#8221;2&#8243; override_padding=&#8221;yes&#8221; column_padding=&#8221;5&#8243; style=&#8221;dark&#8221; back_color=&#8221;color-100624&#8243; overlay_alpha=&#8221;50&#8243; shift_x=&#8221;0&#8243; shift_y=&#8221;0&#8243; shift_y_down=&#8221;0&#8243; z_index=&#8221;0&#8243; medium_width=&#8221;0&#8243; mobile_width=&#8221;0&#8243; width=&#8221;1\/2&#8243;][vc_custom_heading text_weight=&#8221;700&#8243; sub_reduced=&#8221;yes&#8221; css_animation=&#8221;curtain-words&#8221;]Les profils de segmentation multifonction[\/vc_custom_heading][vc_column_text css_animation=&#8221;bottom-t-top&#8221;]Pour cr\u00e9er des univers de marque unique<\/p>\n<ul>\n<li>B-U First &#8211; le profil le plus discret du march\u00e9<\/li>\n<li>B-U Profil &#8211; un concept tout-en-un astucieux<\/li>\n<\/ul>\n<p>[\/vc_column_text][vc_column_text css_animation=&#8221;bottom-t-top&#8221; el_class=&#8221;cta-plaquette__text&#8221;]Pour en savoir plus, consultez notre catalogue[\/vc_column_text][vc_button size=&#8221;btn-lg&#8221; radius=&#8221;btn-circle&#8221; outline=&#8221;yes&#8221; border_width=&#8221;0&#8243; css_animation=&#8221;bottom-t-top&#8221; el_class=&#8221;download-file download-profils&#8221;]T\u00e9l\u00e9charger[\/vc_button][\/vc_column][\/vc_row][vc_row unlock_row_content=&#8221;yes&#8221; row_height_percent=&#8221;60&#8243; override_padding=&#8221;yes&#8221; h_padding=&#8221;0&#8243; top_padding=&#8221;0&#8243; bottom_padding=&#8221;0&#8243; overlay_color=&#8221;color-jevc&#8221; overlay_alpha=&#8221;40&#8243; equal_height=&#8221;yes&#8221; gutter_size=&#8221;0&#8243; column_width_percent=&#8221;100&#8243; shift_y=&#8221;0&#8243; z_index=&#8221;0&#8243; el_class=&#8221;responsive-container fullw&#8221;][vc_column column_width_percent=&#8221;100&#8243; position_vertical=&#8221;middle&#8221; gutter_size=&#8221;2&#8243; override_padding=&#8221;yes&#8221; column_padding=&#8221;5&#8243; style=&#8221;light&#8221; back_color=&#8221;color-xsdn&#8221; overlay_alpha=&#8221;50&#8243; shift_x=&#8221;0&#8243; shift_y=&#8221;0&#8243; shift_y_down=&#8221;0&#8243; z_index=&#8221;0&#8243; medium_width=&#8221;0&#8243; mobile_width=&#8221;0&#8243; width=&#8221;1\/2&#8243;][vc_custom_heading text_weight=&#8221;700&#8243; text_color=&#8221;color-100624&#8243; sub_reduced=&#8221;yes&#8221; css_animation=&#8221;curtain-words&#8221;]Des supports ing\u00e9nieux et des porte-visuels<br \/>\npour communiquer efficacement[\/vc_custom_heading][vc_row_inner row_inner_height_percent=&#8221;0&#8243; overlay_alpha=&#8221;50&#8243; gutter_size=&#8221;3&#8243; shift_y=&#8221;0&#8243; z_index=&#8221;0&#8243; limit_content=&#8221;&#8221; el_class=&#8221;list-6col&#8221;][vc_column_inner column_width_percent=&#8221;100&#8243; gutter_size=&#8221;3&#8243; overlay_alpha=&#8221;50&#8243; shift_x=&#8221;0&#8243; shift_y=&#8221;0&#8243; shift_y_down=&#8221;0&#8243; z_index=&#8221;0&#8243; medium_width=&#8221;0&#8243; mobile_width=&#8221;0&#8243; width=&#8221;1\/2&#8243;][vc_column_text css_animation=&#8221;bottom-t-top&#8221;]<\/p>\n<ul>\n<li>Supports d\u2019affichettes<\/li>\n<li>Chevalets<\/li>\n<li>Cadres plastiques<\/li>\n<li>Potences r\u00e9glables<\/li>\n<li>Porte-brochures<\/li>\n<\/ul>\n<p>[\/vc_column_text][\/vc_column_inner][vc_column_inner width=&#8221;1\/2&#8243;][vc_column_text css_animation=&#8221;bottom-t-top&#8221; animation_delay=&#8221;100&#8243;]<\/p>\n<ul>\n<li>Displays<\/li>\n<li>Porte-affiches plexi<\/li>\n<li>Supports defixation<\/li>\n<li>Solutions LED<\/li>\n<\/ul>\n<p>[\/vc_column_text][\/vc_column_inner][\/vc_row_inner][vc_column_text css_animation=&#8221;bottom-t-top&#8221; el_class=&#8221;cta-plaquette__text rouge-sitour&#8221;]Pour en savoir plus, consultez notre catalogue[\/vc_column_text][vc_button button_color=&#8221;color-100624&#8243; size=&#8221;btn-lg&#8221; radius=&#8221;btn-circle&#8221; outline=&#8221;yes&#8221; border_width=&#8221;0&#8243; css_animation=&#8221;bottom-t-top&#8221;]T\u00e9l\u00e9charger[\/vc_button][\/vc_column][vc_column column_width_percent=&#8221;100&#8243; position_vertical=&#8221;bottom&#8221; gutter_size=&#8221;3&#8243; back_image=&#8221;1324&#8243; overlay_alpha=&#8221;50&#8243; shift_x=&#8221;0&#8243; shift_y=&#8221;0&#8243; shift_y_down=&#8221;0&#8243; z_index=&#8221;0&#8243; medium_width=&#8221;0&#8243; mobile_width=&#8221;0&#8243; width=&#8221;1\/2&#8243; el_class=&#8221;col-6-image&#8221;][vc_raw_html]PHAgY2xhc3M9ImltYWdlLWxlZ2VuZCB0aGVhdHJhbGlzYXRpb24iPlByb2pldCBNQVJPUVVJTkVSSUU8L3A+[\/vc_raw_html][\/vc_column][\/vc_row][vc_row unlock_row_content=&#8221;yes&#8221; row_height_percent=&#8221;60&#8243; override_padding=&#8221;yes&#8221; h_padding=&#8221;0&#8243; top_padding=&#8221;0&#8243; bottom_padding=&#8221;0&#8243; overlay_color=&#8221;color-jevc&#8221; overlay_alpha=&#8221;40&#8243; equal_height=&#8221;yes&#8221; gutter_size=&#8221;0&#8243; column_width_percent=&#8221;100&#8243; shift_y=&#8221;0&#8243; z_index=&#8221;0&#8243; el_class=&#8221;responsive-container fullw&#8221;][vc_column column_width_percent=&#8221;100&#8243; position_vertical=&#8221;bottom&#8221; gutter_size=&#8221;3&#8243; back_image=&#8221;239&#8243; overlay_alpha=&#8221;50&#8243; shift_x=&#8221;0&#8243; shift_y=&#8221;0&#8243; shift_y_down=&#8221;0&#8243; z_index=&#8221;0&#8243; medium_width=&#8221;0&#8243; mobile_width=&#8221;0&#8243; width=&#8221;1\/2&#8243; el_class=&#8221;col-6-image&#8221;][vc_raw_html]PHAgY2xhc3M9ImltYWdlLWxlZ2VuZCB0aGVhdHJhbGlzYXRpb24iPlByb2pldCBVSFU8L3A+[\/vc_raw_html][\/vc_column][vc_column column_width_percent=&#8221;100&#8243; position_vertical=&#8221;middle&#8221; gutter_size=&#8221;2&#8243; override_padding=&#8221;yes&#8221; column_padding=&#8221;5&#8243; style=&#8221;dark&#8221; back_color=&#8221;color-100624&#8243; overlay_alpha=&#8221;50&#8243; shift_x=&#8221;0&#8243; shift_y=&#8221;0&#8243; shift_y_down=&#8221;0&#8243; z_index=&#8221;0&#8243; medium_width=&#8221;0&#8243; mobile_width=&#8221;0&#8243; width=&#8221;1\/2&#8243;][vc_custom_heading text_weight=&#8221;700&#8243; sub_reduced=&#8221;yes&#8221; css_animation=&#8221;curtain-words&#8221;]Des rayons dynamis\u00e9s gr\u00e2ce \u00e0 nos accessoires de communication[\/vc_custom_heading][vc_column_text css_animation=&#8221;bottom-t-top&#8221;]<\/p>\n<ul>\n<li>Potences sur tablette<\/li>\n<li>Potences sur fond de gondole<\/li>\n<li>Stop-rayons et pieds Shark<\/li>\n<li>Twisteurs et grippeurs<\/li>\n<li>Porte-coupons<\/li>\n<li>Ampli-rayons<\/li>\n<li>Ventouses<\/li>\n<\/ul>\n<p>[\/vc_column_text][vc_column_text css_animation=&#8221;bottom-t-top&#8221; el_class=&#8221;cta-plaquette__text&#8221;]Pour en savoir plus, consultez notre catalogue[\/vc_column_text][vc_button size=&#8221;btn-lg&#8221; radius=&#8221;btn-circle&#8221; outline=&#8221;yes&#8221; border_width=&#8221;0&#8243; css_animation=&#8221;bottom-t-top&#8221;]T\u00e9l\u00e9charger[\/vc_button][\/vc_column][\/vc_row][vc_row unlock_row_content=&#8221;yes&#8221; row_height_percent=&#8221;60&#8243; override_padding=&#8221;yes&#8221; h_padding=&#8221;0&#8243; top_padding=&#8221;0&#8243; bottom_padding=&#8221;0&#8243; overlay_color=&#8221;color-jevc&#8221; overlay_alpha=&#8221;40&#8243; equal_height=&#8221;yes&#8221; gutter_size=&#8221;0&#8243; column_width_percent=&#8221;100&#8243; shift_y=&#8221;0&#8243; z_index=&#8221;0&#8243; el_class=&#8221;responsive-container fullw&#8221;][vc_column column_width_percent=&#8221;100&#8243; position_vertical=&#8221;middle&#8221; gutter_size=&#8221;2&#8243; override_padding=&#8221;yes&#8221; column_padding=&#8221;5&#8243; back_color=&#8221;color-xsdn&#8221; overlay_alpha=&#8221;50&#8243; shift_x=&#8221;0&#8243; shift_y=&#8221;0&#8243; shift_y_down=&#8221;0&#8243; z_index=&#8221;0&#8243; medium_width=&#8221;0&#8243; mobile_width=&#8221;0&#8243; width=&#8221;1\/2&#8243;][vc_custom_heading text_weight=&#8221;700&#8243; text_color=&#8221;color-100624&#8243; sub_reduced=&#8221;yes&#8221; css_animation=&#8221;curtain-words&#8221;]Des petits accessoires astucieux pour assembler vos projets et vos communications[\/vc_custom_heading][vc_column_text css_animation=&#8221;bottom-t-top&#8221;]<\/p>\n<ul>\n<li>Boutons pression<\/li>\n<li>Grippeurs<\/li>\n<li>Liens<\/li>\n<li>Rouleaux et pastilles<\/li>\n<\/ul>\n<p>[\/vc_column_text][vc_column_text css_animation=&#8221;bottom-t-top&#8221; el_class=&#8221;cta-plaquette__text rouge-sitour&#8221;]Pour en savoir plus, consultez notre catalogue[\/vc_column_text][vc_button button_color=&#8221;color-100624&#8243; size=&#8221;btn-lg&#8221; radius=&#8221;btn-circle&#8221; outline=&#8221;yes&#8221; border_width=&#8221;0&#8243; css_animation=&#8221;bottom-t-top&#8221;]T\u00e9l\u00e9charger[\/vc_button][\/vc_column][vc_column column_width_percent=&#8221;100&#8243; position_vertical=&#8221;bottom&#8221; gutter_size=&#8221;3&#8243; back_image=&#8221;240&#8243; overlay_alpha=&#8221;50&#8243; shift_x=&#8221;0&#8243; shift_y=&#8221;0&#8243; shift_y_down=&#8221;0&#8243; z_index=&#8221;0&#8243; medium_width=&#8221;0&#8243; mobile_width=&#8221;0&#8243; width=&#8221;1\/2&#8243; el_class=&#8221;col-6-image&#8221;][vc_raw_html]PHAgY2xhc3M9ImltYWdlLWxlZ2VuZCB0aGVhdHJhbGlzYXRpb24iPlByb2pldCBCT1VUSVFVRSBEw4lDTzwvcD4=[\/vc_raw_html][\/vc_column][\/vc_row]<\/p>\n","protected":false},"excerpt":{"rendered":"<p>[vc_row unlock_row_content=&#8221;yes&#8221; row_height_percent=&#8221;50&#8243; override_padding=&#8221;yes&#8221; h_padding=&#8221;3&#8243; top_padding=&#8221;2&#8243; bottom_padding=&#8221;2&#8243; back_image=&#8221;1305&#8243; back_position=&#8221;center center&#8221; overlay_color=&#8221;color-jevc&#8221; overlay_alpha=&#8221;40&#8243; equal_height=&#8221;yes&#8221; gutter_size=&#8221;0&#8243; column_width_percent=&#8221;100&#8243; shift_y=&#8221;0&#8243; z_index=&#8221;0&#8243;][vc_column column_width_percent=&#8221;100&#8243; position_vertical=&#8221;middle&#8221; gutter_size=&#8221;0&#8243; [&hellip;]<\/p>\n","protected":false},"author":6,"featured_media":0,"parent":0,"menu_order":0,"comment_status":"closed","ping_status":"closed","template":"","meta":[],"_links":{"self":[{"href":"https:\/\/www.sitour.fr\/it\/wp-json\/wp\/v2\/pages\/2040"}],"collection":[{"href":"https:\/\/www.sitour.fr\/it\/wp-json\/wp\/v2\/pages"}],"about":[{"href":"https:\/\/www.sitour.fr\/it\/wp-json\/wp\/v2\/types\/page"}],"author":[{"embeddable":true,"href":"https:\/\/www.sitour.fr\/it\/wp-json\/wp\/v2\/users\/6"}],"replies":[{"embeddable":true,"href":"https:\/\/www.sitour.fr\/it\/wp-json\/wp\/v2\/comments?post=2040"}],"version-history":[{"count":0,"href":"https:\/\/www.sitour.fr\/it\/wp-json\/wp\/v2\/pages\/2040\/revisions"}],"wp:attachment":[{"href":"https:\/\/www.sitour.fr\/it\/wp-json\/wp\/v2\/media?parent=2040"}],"curies":[{"name":"wp","href":"https:\/\/api.w.org\/{rel}","templated":true}]}}