{"id":2043,"date":"2020-07-27T15:01:20","date_gmt":"2020-07-27T13:01:20","guid":{"rendered":"https:\/\/www.sitour.fr\/theatralisme\/"},"modified":"2020-09-17T11:57:07","modified_gmt":"2020-09-17T09:57:07","slug":"segnaletica","status":"publish","type":"page","link":"https:\/\/www.sitour.fr\/it\/segnaletica\/","title":{"rendered":"Th\u00e9\u00e2tralisme"},"content":{"rendered":"<p>[vc_row unlock_row_content=&#8221;yes&#8221; row_height_percent=&#8221;50&#8243; override_padding=&#8221;yes&#8221; h_padding=&#8221;3&#8243; top_padding=&#8221;2&#8243; bottom_padding=&#8221;2&#8243; back_image=&#8221;1336&#8243; back_position=&#8221;right bottom&#8221; overlay_color=&#8221;color-jevc&#8221; overlay_alpha=&#8221;40&#8243; equal_height=&#8221;yes&#8221; gutter_size=&#8221;0&#8243; column_width_percent=&#8221;100&#8243; shift_y=&#8221;0&#8243; z_index=&#8221;0&#8243;][vc_column column_width_percent=&#8221;100&#8243; position_vertical=&#8221;middle&#8221; gutter_size=&#8221;0&#8243; style=&#8221;dark&#8221; overlay_alpha=&#8221;50&#8243; shift_x=&#8221;0&#8243; shift_y=&#8221;0&#8243; shift_y_down=&#8221;0&#8243; z_index=&#8221;0&#8243; medium_width=&#8221;0&#8243; mobile_width=&#8221;0&#8243; width=&#8221;1\/1&#8243;][vc_custom_heading heading_semantic=&#8221;h1&#8243; text_size=&#8221;h1&#8243; text_weight=&#8221;700&#8243; sub_reduced=&#8221;yes&#8221; css_animation=&#8221;curtain-words&#8221;]Th\u00e9\u00e2tralisme[\/vc_custom_heading][vc_column_text css_animation=&#8221;bottom-t-top&#8221; animation_delay=&#8221;200&#8243; el_class=&#8221;h1-subtext&#8221;]Proposez \u00e0 vos consommateurs<br \/>\nde v\u00e9ritables parcours exp\u00e9rientiels<br \/>\ngr\u00e2ce \u00e0 des univers immersifs et innovants[\/vc_column_text][\/vc_column][\/vc_row][vc_row row_height_percent=&#8221;50&#8243; override_padding=&#8221;yes&#8221; h_padding=&#8221;2&#8243; top_padding=&#8221;2&#8243; bottom_padding=&#8221;2&#8243; back_color=&#8221;color-xsdn&#8221; overlay_alpha=&#8221;40&#8243; equal_height=&#8221;yes&#8221; gutter_size=&#8221;0&#8243; column_width_percent=&#8221;100&#8243; shift_y=&#8221;0&#8243; z_index=&#8221;0&#8243;][vc_column column_width_percent=&#8221;100&#8243; position_vertical=&#8221;middle&#8221; align_horizontal=&#8221;align_center&#8221; gutter_size=&#8221;3&#8243; override_padding=&#8221;yes&#8221; column_padding=&#8221;0&#8243; style=&#8221;light&#8221; back_color=&#8221;color-xsdn&#8221; overlay_alpha=&#8221;50&#8243; shift_x=&#8221;0&#8243; shift_y=&#8221;0&#8243; shift_y_down=&#8221;0&#8243; z_index=&#8221;0&#8243; medium_width=&#8221;0&#8243; mobile_width=&#8221;0&#8243; width=&#8221;1\/1&#8243;][vc_single_image media=&#8221;1342&#8243; media_width_percent=&#8221;100&#8243;][vc_custom_heading text_weight=&#8221;700&#8243; text_color=&#8221;color-183247&#8243; sub_reduced=&#8221;yes&#8221;]Notre \u00e9quipe de multisp\u00e9cialistes<br \/>\nr\u00e9f\u00e9rents sur le march\u00e9 ![\/vc_custom_heading][vc_column_text el_class=&#8221;metiers__intro-text&#8221;]Impact Concept est notre soci\u00e9t\u00e9 sp\u00e9cialis\u00e9e dans la signal\u00e9tique et le th\u00e9\u00e2tralisme. De l&#8217;ext\u00e9rieur jusqu&#8217;aux caisses en passant par les diff\u00e9rents espaces int\u00e9rieurs du point de vente, le th\u00e9\u00e2tralisme devient primordial. Pour r\u00e9pondre \u00e0 cette demande, nos experts vous accompagnent dans l&#8217;optimisation du parcours client avec pour objectif de mettre en sc\u00e8ne et valoriser vos espaces et cr\u00e9er une immersion totale au c\u0153ur de vos univers et vos points de vente.[\/vc_column_text][\/vc_column][\/vc_row][vc_row unlock_row_content=&#8221;yes&#8221; row_height_percent=&#8221;60&#8243; override_padding=&#8221;yes&#8221; h_padding=&#8221;0&#8243; top_padding=&#8221;0&#8243; bottom_padding=&#8221;0&#8243; overlay_color=&#8221;color-jevc&#8221; overlay_alpha=&#8221;40&#8243; equal_height=&#8221;yes&#8221; gutter_size=&#8221;0&#8243; column_width_percent=&#8221;100&#8243; shift_y=&#8221;0&#8243; z_index=&#8221;0&#8243; el_class=&#8221;responsive-container fullw&#8221;][vc_column column_width_percent=&#8221;100&#8243; position_vertical=&#8221;bottom&#8221; gutter_size=&#8221;3&#8243; back_image=&#8221;1345&#8243; overlay_alpha=&#8221;50&#8243; shift_x=&#8221;0&#8243; shift_y=&#8221;0&#8243; shift_y_down=&#8221;0&#8243; z_index=&#8221;0&#8243; medium_width=&#8221;0&#8243; mobile_width=&#8221;0&#8243; width=&#8221;1\/2&#8243; el_class=&#8221;col-6-image&#8221;][vc_raw_html]PHAgY2xhc3M9ImltYWdlLWxlZ2VuZCB0aGVhdHJhbGlzbWUiPlByb2pldCBMQUJFTExPPC9wPg==[\/vc_raw_html][\/vc_column][vc_column column_width_percent=&#8221;100&#8243; position_vertical=&#8221;middle&#8221; gutter_size=&#8221;2&#8243; override_padding=&#8221;yes&#8221; column_padding=&#8221;5&#8243; style=&#8221;dark&#8221; back_color=&#8221;color-183247&#8243; overlay_alpha=&#8221;50&#8243; shift_x=&#8221;0&#8243; shift_y=&#8221;0&#8243; shift_y_down=&#8221;0&#8243; z_index=&#8221;0&#8243; medium_width=&#8221;0&#8243; mobile_width=&#8221;0&#8243; width=&#8221;1\/2&#8243;][vc_custom_heading text_weight=&#8221;700&#8243; sub_reduced=&#8221;yes&#8221; css_animation=&#8221;curtain-words&#8221;]\u00c9v\u00e9nementiel[\/vc_custom_heading][vc_column_text css_animation=&#8221;bottom-t-top&#8221;]L\u2019organisation d\u2019\u00e9v\u00e9nements permet aux entreprises de mettre en valeur un message particulier et cibl\u00e9 dans un cadre festif. Nous vous accompagnons dans l\u2019organisation de ce temps fort.[\/vc_column_text][vc_column_text css_animation=&#8221;bottom-t-top&#8221; el_class=&#8221;cta-plaquette__text&#8221;]Pour en savoir plus, consultez notre plaquette[\/vc_column_text][vc_button size=&#8221;btn-lg&#8221; radius=&#8221;btn-circle&#8221; outline=&#8221;yes&#8221; border_width=&#8221;0&#8243; css_animation=&#8221;bottom-t-top&#8221; el_class=&#8221;download-file download-theatralisme&#8221;]T\u00e9l\u00e9charger[\/vc_button][\/vc_column][\/vc_row][vc_row unlock_row_content=&#8221;yes&#8221; row_height_percent=&#8221;60&#8243; override_padding=&#8221;yes&#8221; h_padding=&#8221;0&#8243; top_padding=&#8221;0&#8243; bottom_padding=&#8221;0&#8243; overlay_color=&#8221;color-jevc&#8221; overlay_alpha=&#8221;40&#8243; equal_height=&#8221;yes&#8221; gutter_size=&#8221;0&#8243; column_width_percent=&#8221;100&#8243; shift_y=&#8221;0&#8243; z_index=&#8221;0&#8243; el_class=&#8221;responsive-container fullw&#8221;][vc_column column_width_percent=&#8221;100&#8243; position_vertical=&#8221;middle&#8221; gutter_size=&#8221;2&#8243; override_padding=&#8221;yes&#8221; column_padding=&#8221;5&#8243; style=&#8221;light&#8221; back_color=&#8221;color-xsdn&#8221; overlay_alpha=&#8221;50&#8243; shift_x=&#8221;0&#8243; shift_y=&#8221;0&#8243; shift_y_down=&#8221;0&#8243; z_index=&#8221;0&#8243; medium_width=&#8221;0&#8243; mobile_width=&#8221;0&#8243; width=&#8221;1\/2&#8243;][vc_custom_heading text_weight=&#8221;700&#8243; text_color=&#8221;color-183247&#8243; sub_reduced=&#8221;yes&#8221; css_animation=&#8221;curtain-words&#8221;]Signal\u00e9tique<br \/>\nd\u2019ambiance[\/vc_custom_heading][vc_column_text css_animation=&#8221;bottom-t-top&#8221;]La mise en ambiance d\u2019un point de vente a pour objectif de rendre visible vos univers d\u00e8s l\u2019entr\u00e9e et donne envie au client de se rapprocher. C\u2019est l\u2019\u00e9tape premi\u00e8re pour susciter la curiosit\u00e9 du client et attiser son int\u00e9r\u00eat \u00e0 d\u00e9couvrir les nouveaut\u00e9s du rayon. Elle touche essentiellement la signal\u00e9tique haute, tels que la boucherie, le traiteur, la poissonnerie, etc&#8230;[\/vc_column_text][vc_column_text css_animation=&#8221;bottom-t-top&#8221; el_class=&#8221;cta-plaquette__text rose-sitour&#8221;]Pour en savoir plus, consultez notre plaquette[\/vc_column_text][vc_button button_color=&#8221;color-183247&#8243; size=&#8221;btn-lg&#8221; radius=&#8221;btn-circle&#8221; outline=&#8221;yes&#8221; border_width=&#8221;0&#8243; css_animation=&#8221;bottom-t-top&#8221; el_class=&#8221;download-file download-theatralisme&#8221;]T\u00e9l\u00e9charger[\/vc_button][\/vc_column][vc_column column_width_percent=&#8221;100&#8243; position_vertical=&#8221;bottom&#8221; gutter_size=&#8221;3&#8243; back_image=&#8221;1348&#8243; overlay_alpha=&#8221;50&#8243; shift_x=&#8221;0&#8243; shift_y=&#8221;0&#8243; shift_y_down=&#8221;0&#8243; z_index=&#8221;0&#8243; medium_width=&#8221;0&#8243; mobile_width=&#8221;0&#8243; width=&#8221;1\/2&#8243; el_class=&#8221;col-6-image&#8221;][vc_raw_html]PHAgY2xhc3M9ImltYWdlLWxlZ2VuZCB0aGVhdHJhbGlzbWUiPlByb2pldCBM4oCZQUxURVJOQVRJVkU8L3A+[\/vc_raw_html][\/vc_column][\/vc_row][vc_row unlock_row_content=&#8221;yes&#8221; row_height_percent=&#8221;60&#8243; override_padding=&#8221;yes&#8221; h_padding=&#8221;0&#8243; top_padding=&#8221;0&#8243; bottom_padding=&#8221;0&#8243; overlay_color=&#8221;color-jevc&#8221; overlay_alpha=&#8221;40&#8243; equal_height=&#8221;yes&#8221; gutter_size=&#8221;0&#8243; column_width_percent=&#8221;100&#8243; shift_y=&#8221;0&#8243; z_index=&#8221;0&#8243; el_class=&#8221;responsive-container fullw&#8221;][vc_column column_width_percent=&#8221;100&#8243; position_vertical=&#8221;bottom&#8221; gutter_size=&#8221;3&#8243; back_image=&#8221;371&#8243; overlay_alpha=&#8221;50&#8243; shift_x=&#8221;0&#8243; shift_y=&#8221;0&#8243; shift_y_down=&#8221;0&#8243; z_index=&#8221;0&#8243; medium_width=&#8221;0&#8243; mobile_width=&#8221;0&#8243; width=&#8221;1\/2&#8243; el_class=&#8221;col-6-image&#8221;][vc_raw_html]PHAgY2xhc3M9ImltYWdlLWxlZ2VuZCB0aGVhdHJhbGlzbWUiPlByb2pldCBBVUNIQU48L3A+[\/vc_raw_html][\/vc_column][vc_column column_width_percent=&#8221;100&#8243; position_vertical=&#8221;bottom&#8221; gutter_size=&#8221;2&#8243; style=&#8221;dark&#8221; back_image=&#8221;256&#8243; overlay_alpha=&#8221;50&#8243; shift_x=&#8221;0&#8243; shift_y=&#8221;0&#8243; shift_y_down=&#8221;0&#8243; z_index=&#8221;0&#8243; medium_width=&#8221;0&#8243; mobile_width=&#8221;0&#8243; width=&#8221;1\/2&#8243; el_class=&#8221;col-6-image&#8221;][vc_empty_space][vc_raw_html]PHAgY2xhc3M9ImltYWdlLWxlZ2VuZCB0aGVhdHJhbGlzbWUiPlByb2pldCBTVVBFUiBVPC9wPg==[\/vc_raw_html][\/vc_column][\/vc_row][vc_row unlock_row_content=&#8221;yes&#8221; row_height_percent=&#8221;60&#8243; override_padding=&#8221;yes&#8221; h_padding=&#8221;0&#8243; top_padding=&#8221;0&#8243; bottom_padding=&#8221;0&#8243; overlay_color=&#8221;color-jevc&#8221; overlay_alpha=&#8221;40&#8243; equal_height=&#8221;yes&#8221; gutter_size=&#8221;0&#8243; column_width_percent=&#8221;100&#8243; shift_y=&#8221;0&#8243; z_index=&#8221;0&#8243; el_class=&#8221;responsive-container fullw&#8221;][vc_column column_width_percent=&#8221;100&#8243; gutter_size=&#8221;3&#8243; back_image=&#8221;257&#8243; overlay_alpha=&#8221;50&#8243; shift_x=&#8221;0&#8243; shift_y=&#8221;0&#8243; shift_y_down=&#8221;0&#8243; z_index=&#8221;0&#8243; medium_width=&#8221;0&#8243; mobile_width=&#8221;0&#8243; width=&#8221;1\/2&#8243; el_class=&#8221;col-6-image&#8221;][\/vc_column][vc_column column_width_percent=&#8221;100&#8243; position_vertical=&#8221;middle&#8221; gutter_size=&#8221;2&#8243; override_padding=&#8221;yes&#8221; column_padding=&#8221;5&#8243; style=&#8221;dark&#8221; back_color=&#8221;color-183247&#8243; overlay_alpha=&#8221;50&#8243; shift_x=&#8221;0&#8243; shift_y=&#8221;0&#8243; shift_y_down=&#8221;0&#8243; z_index=&#8221;0&#8243; medium_width=&#8221;0&#8243; mobile_width=&#8221;0&#8243; width=&#8221;1\/2&#8243;][vc_custom_heading text_weight=&#8221;700&#8243; sub_reduced=&#8221;yes&#8221; css_animation=&#8221;curtain-words&#8221;]Marketing<br \/>\nexp\u00e9rientiel[\/vc_custom_heading][vc_column_text css_animation=&#8221;bottom-t-top&#8221;]Gr\u00e2ce au Marketing Exp\u00e9rientiel, vous faites vivre au client une exp\u00e9rience diff\u00e9renciante et vous donnez des rep\u00e8res \u00e0 moyenne distance pour l\u2019accompagner dans son choix. La lisibilit\u00e9 du lin\u00e9aire est ainsi optimis\u00e9e et d\u00e9clenche l\u2019acte d\u2019achat.[\/vc_column_text][vc_column_text css_animation=&#8221;bottom-t-top&#8221; el_class=&#8221;cta-plaquette__text&#8221;]Pour en savoir plus, consultez notre plaquette[\/vc_column_text][vc_button size=&#8221;btn-lg&#8221; radius=&#8221;btn-circle&#8221; outline=&#8221;yes&#8221; border_width=&#8221;0&#8243; css_animation=&#8221;bottom-t-top&#8221; el_class=&#8221;download-file download-theatralisme&#8221;]T\u00e9l\u00e9charger[\/vc_button][\/vc_column][\/vc_row][vc_row unlock_row_content=&#8221;yes&#8221; row_height_percent=&#8221;60&#8243; override_padding=&#8221;yes&#8221; h_padding=&#8221;0&#8243; top_padding=&#8221;0&#8243; bottom_padding=&#8221;0&#8243; overlay_color=&#8221;color-jevc&#8221; overlay_alpha=&#8221;40&#8243; equal_height=&#8221;yes&#8221; gutter_size=&#8221;0&#8243; column_width_percent=&#8221;100&#8243; shift_y=&#8221;0&#8243; z_index=&#8221;0&#8243; el_class=&#8221;responsive-container fullw&#8221;][vc_column column_width_percent=&#8221;100&#8243; position_vertical=&#8221;middle&#8221; gutter_size=&#8221;2&#8243; override_padding=&#8221;yes&#8221; column_padding=&#8221;5&#8243; style=&#8221;light&#8221; back_color=&#8221;color-xsdn&#8221; overlay_alpha=&#8221;50&#8243; shift_x=&#8221;0&#8243; shift_y=&#8221;0&#8243; shift_y_down=&#8221;0&#8243; z_index=&#8221;0&#8243; medium_width=&#8221;0&#8243; mobile_width=&#8221;0&#8243; width=&#8221;1\/2&#8243;][vc_custom_heading text_weight=&#8221;700&#8243; text_color=&#8221;color-183247&#8243; sub_reduced=&#8221;yes&#8221; css_animation=&#8221;curtain-words&#8221;]Mobilier urbain[\/vc_custom_heading][vc_column_text css_animation=&#8221;bottom-t-top&#8221;]L\u2019affichage institutionnel et publicitaire en ext\u00e9rieur vous permet d\u2019augmenter votre visibilit\u00e9 et d\u2019orienter vos clients.[\/vc_column_text][vc_column_text css_animation=&#8221;bottom-t-top&#8221; el_class=&#8221;cta-plaquette__text rose-sitour&#8221;]Pour en savoir plus, consultez notre plaquette[\/vc_column_text][vc_button button_color=&#8221;color-183247&#8243; size=&#8221;btn-lg&#8221; radius=&#8221;btn-circle&#8221; outline=&#8221;yes&#8221; border_width=&#8221;0&#8243; css_animation=&#8221;bottom-t-top&#8221; el_class=&#8221;download-file download-theatralisme&#8221;]T\u00e9l\u00e9charger[\/vc_button][\/vc_column][vc_column column_width_percent=&#8221;100&#8243; position_vertical=&#8221;bottom&#8221; gutter_size=&#8221;3&#8243; back_image=&#8221;258&#8243; overlay_alpha=&#8221;50&#8243; shift_x=&#8221;0&#8243; shift_y=&#8221;0&#8243; shift_y_down=&#8221;0&#8243; z_index=&#8221;0&#8243; medium_width=&#8221;0&#8243; mobile_width=&#8221;0&#8243; width=&#8221;1\/2&#8243; el_class=&#8221;col-6-image&#8221;][vc_raw_html]PHAgY2xhc3M9ImltYWdlLWxlZ2VuZCB0aGVhdHJhbGlzbWUiPlByb2pldCBJTlRFUk1BUkNIw4k8L3A+[\/vc_raw_html][\/vc_column][\/vc_row][vc_row row_height_percent=&#8221;50&#8243; override_padding=&#8221;yes&#8221; h_padding=&#8221;2&#8243; top_padding=&#8221;2&#8243; bottom_padding=&#8221;2&#8243; back_color=&#8221;color-lxmt&#8221; overlay_alpha=&#8221;40&#8243; equal_height=&#8221;yes&#8221; gutter_size=&#8221;0&#8243; column_width_percent=&#8221;100&#8243; shift_y=&#8221;0&#8243; z_index=&#8221;0&#8243;][vc_column column_width_percent=&#8221;100&#8243; position_vertical=&#8221;middle&#8221; align_horizontal=&#8221;align_center&#8221; gutter_size=&#8221;3&#8243; override_padding=&#8221;yes&#8221; column_padding=&#8221;0&#8243; style=&#8221;light&#8221; overlay_alpha=&#8221;50&#8243; shift_x=&#8221;0&#8243; shift_y=&#8221;0&#8243; shift_y_down=&#8221;0&#8243; z_index=&#8221;0&#8243; medium_width=&#8221;0&#8243; mobile_width=&#8221;0&#8243; width=&#8221;1\/1&#8243;][vc_custom_heading text_weight=&#8221;700&#8243; text_color=&#8221;color-183247&#8243; sub_reduced=&#8221;yes&#8221;]Notre savoir-faire industriel<br \/>\net notre expertise multimat\u00e9riaux[\/vc_custom_heading][vc_column_text el_class=&#8221;metiers__intro-text&#8221;]Une unit\u00e9 de production sp\u00e9cifiquement dirig\u00e9e pour la r\u00e9alisation de signal\u00e9tique int\u00e9rieures et ext\u00e9rieures. Les multimat\u00e9riaux int\u00e9grant serrurerie, menuiserie et signal\u00e9tique imprim\u00e9e et d\u00e9coup\u00e9e ; la mise en lumi\u00e8re int\u00e9grant les enseignes lumineuses, light boxs, frontons et dalles LED, etc\u2026<br \/>\nL\u2019eco-conception : utilisation de mat\u00e9riaux recycl\u00e9s et recyclables dans la fabrication de nos projets (OSB, cartons alv\u00e9olaires, bois&#8230;)[\/vc_column_text][vc_raw_html]PGRpdiBjbGFzcz0iZXhwZXJ0aXNlX19jb250YWluZXIiPgogIDxkaXYgY2xhc3M9ImV4cGVydGlzZV9faWNvbmJveCI+CiAgICA8aW1nIGNsYXNzPSJleHBlcnRpc2VfX2ljb24iIHNyYz0iL3dwLWNvbnRlbnQvdXBsb2Fkcy8yMDIwLzA4L2ljb24taW1wcmVzc2lvbi0yLnN2ZyI+CiAgICA8cCBjbGFzcz0iZXhwZXJ0aXNlX190ZXh0Ij5JbXByZXNzaW9uPC9wPgogIDwvZGl2PgogIDxkaXYgY2xhc3M9ImV4cGVydGlzZV9faWNvbmJveCI+CiAgICA8aW1nIGNsYXNzPSJleHBlcnRpc2VfX2ljb24iIHNyYz0iL3dwLWNvbnRlbnQvdXBsb2Fkcy8yMDIwLzA4L2ljb24tZGVjb3VwZS0yLnN2ZyI+CiAgICA8cCBjbGFzcz0iZXhwZXJ0aXNlX190ZXh0Ij5Ew6ljb3VwZTwvcD4KICA8L2Rpdj4KICA8ZGl2IGNsYXNzPSJleHBlcnRpc2VfX2ljb25ib3giPgogICAgPGltZyBjbGFzcz0iZXhwZXJ0aXNlX19pY29uIiBzcmM9Ii93cC1jb250ZW50L3VwbG9hZHMvMjAyMC8wOC9pY29uLWNvbGxhZ2UtMi5zdmciPgogICAgPHAgY2xhc3M9ImV4cGVydGlzZV9fdGV4dCI+Q29udHJlLWNvbGxhZ2U8L3A+CiAgPC9kaXY+CiAgPGRpdiBjbGFzcz0iZXhwZXJ0aXNlX19pY29uYm94Ij4KICAgIDxpbWcgY2xhc3M9ImV4cGVydGlzZV9faWNvbiIgc3JjPSIvd3AtY29udGVudC91cGxvYWRzLzIwMjAvMDgvaWNvbi1mYWNvbm5hZ2UtMi5zdmciPgogICAgPHAgY2xhc3M9ImV4cGVydGlzZV9fdGV4dCI+RmHDp29ubmFnZTwvcD4KICA8L2Rpdj4KICA8ZGl2IGNsYXNzPSJleHBlcnRpc2VfX2ljb25ib3giPgogICAgPGltZyBjbGFzcz0iZXhwZXJ0aXNlX19pY29uIiBzcmM9Ii93cC1jb250ZW50L3VwbG9hZHMvMjAyMC8wOC9pY29uLXBsaWFnZS0yLnN2ZyI+CiAgICA8cCBjbGFzcz0iZXhwZXJ0aXNlX190ZXh0Ij5QbGlhZ2Ugw6AgY2hhdWQvZnJvaWQ8L3A+CiAgPC9kaXY+CiAgPGRpdiBjbGFzcz0iZXhwZXJ0aXNlX19pY29uYm94Ij4KICAgIDxpbWcgY2xhc3M9ImV4cGVydGlzZV9faWNvbiIgc3JjPSIvd3AtY29udGVudC91cGxvYWRzLzIwMjAvMDgvaWNvbi1tb250YWdlLTIuc3ZnIj4KICAgIDxwIGNsYXNzPSJleHBlcnRpc2VfX3RleHQiPkltcHJlc3Npb248L3A+CiAgPC9kaXY+CjwvZGl2Pg==[\/vc_raw_html][vc_button button_color=&#8221;color-183247&#8243; size=&#8221;btn-lg&#8221; radius=&#8221;btn-circle&#8221; outline=&#8221;yes&#8221; border_width=&#8221;0&#8243; css_animation=&#8221;bottom-t-top&#8221;]Je visite le site impact concept[\/vc_button][\/vc_column][\/vc_row]<\/p>\n","protected":false},"excerpt":{"rendered":"<p>[vc_row unlock_row_content=&#8221;yes&#8221; row_height_percent=&#8221;50&#8243; override_padding=&#8221;yes&#8221; h_padding=&#8221;3&#8243; top_padding=&#8221;2&#8243; bottom_padding=&#8221;2&#8243; back_image=&#8221;1336&#8243; back_position=&#8221;right bottom&#8221; overlay_color=&#8221;color-jevc&#8221; overlay_alpha=&#8221;40&#8243; equal_height=&#8221;yes&#8221; gutter_size=&#8221;0&#8243; column_width_percent=&#8221;100&#8243; shift_y=&#8221;0&#8243; z_index=&#8221;0&#8243;][vc_column column_width_percent=&#8221;100&#8243; position_vertical=&#8221;middle&#8221; gutter_size=&#8221;0&#8243; [&hellip;]<\/p>\n","protected":false},"author":6,"featured_media":0,"parent":0,"menu_order":0,"comment_status":"closed","ping_status":"closed","template":"","meta":[],"_links":{"self":[{"href":"https:\/\/www.sitour.fr\/it\/wp-json\/wp\/v2\/pages\/2043"}],"collection":[{"href":"https:\/\/www.sitour.fr\/it\/wp-json\/wp\/v2\/pages"}],"about":[{"href":"https:\/\/www.sitour.fr\/it\/wp-json\/wp\/v2\/types\/page"}],"author":[{"embeddable":true,"href":"https:\/\/www.sitour.fr\/it\/wp-json\/wp\/v2\/users\/6"}],"replies":[{"embeddable":true,"href":"https:\/\/www.sitour.fr\/it\/wp-json\/wp\/v2\/comments?post=2043"}],"version-history":[{"count":0,"href":"https:\/\/www.sitour.fr\/it\/wp-json\/wp\/v2\/pages\/2043\/revisions"}],"wp:attachment":[{"href":"https:\/\/www.sitour.fr\/it\/wp-json\/wp\/v2\/media?parent=2043"}],"curies":[{"name":"wp","href":"https:\/\/api.w.org\/{rel}","templated":true}]}}